{"id":185,"date":"2021-02-21T23:39:41","date_gmt":"2021-02-21T23:39:41","guid":{"rendered":"https:\/\/www.rehkitzrettung-stormarn.de\/?page_id=185"},"modified":"2021-02-21T23:39:41","modified_gmt":"2021-02-21T23:39:41","slug":"datenschutz","status":"publish","type":"page","link":"https:\/\/www.rehkitzrettung-stormarn.de\/index.php\/datenschutz\/","title":{"rendered":"Datenschutz"},"content":{"rendered":"<p>Datenschutzerkl\u00e4rung<br \/>\n\u00a7 1 Information \u00fcber die Erhebung personenbezogener Daten<\/p>\n<p>(1) Im Folgenden informieren wir \u00fcber die Erhebung personenbezogener Daten bei Nutzung unserer Website. Personenbezogene Daten sind alle Daten, die auf Sie pers\u00f6nlich beziehbar sind, z.\u2009B. Name, Adresse, E-Mail-Adressen, Nutzerverhalten.<\/p>\n<p>(2) Verantwortliche Stelle im Sinne der DSGVO ist<\/p>\n<p>Rehkitzrettung-Stormarn e.V.<br \/>\nVorstand: c\/o Regina Wriggers<br \/>\nUp\u00b4n Barg 24<br \/>\n22926 Ahrensburg<\/p>\n<p>Amtsgericht L\u00fcbeck<br \/>\nRegisternummer: VR 4470 HL<br \/>\nUSt.ID: DE 135122016<br \/>\n(3) Bei Ihrer Kontaktaufnahme mit uns per E-Mail oder \u00fcber unser Kontaktformular werden die von Ihnen mitgeteilten Daten (Ihre E-Mail-Adresse, ggf. Ihr Name und Ihre Telefonnummer) von uns gespeichert, um Ihre Fragen zu beantworten. Die in diesem Zusammenhang anfallenden Daten l\u00f6schen wir, nachdem die Speicherung nicht mehr erforderlich ist, oder schr\u00e4nken die Verarbeitung ein, falls gesetzliche Aufbewahrungspflichten bestehen.<br \/>\n\u00a7 2 Ihre Rechte<\/p>\n<p>(1) Sie haben gegen\u00fcber uns folgende Rechte hinsichtlich der Sie betreffenden personenbezogenen Daten:<\/p>\n<p>Recht auf Auskunft,<br \/>\nRecht auf Berichtigung oder L\u00f6schung,<br \/>\nRecht auf Einschr\u00e4nkung der Verarbeitung,<br \/>\nRecht auf Widerspruch gegen die Verarbeitung,<br \/>\nRecht auf Daten\u00fcbertragbarkeit.<\/p>\n<p>(2) Sie haben zudem das Recht, sich bei einer Datenschutz-Aufsichtsbeh\u00f6rde \u00fcber die Verarbeitung Ihrer personenbezogenen Daten durch uns zu beschweren.<\/p>\n<p>Bei der zust\u00e4ndigen Datenschutzbeh\u00f6rde handelt es sich um das<\/p>\n<p>Unabh\u00e4ngiges Landeszentrum f\u00fcr Datenschutz<\/p>\n<p>Marit Hansen<br \/>\nHolstenstra\u00dfe 98<br \/>\n24103 Kiel<br \/>\nTelefon: 0431 988 1200<br \/>\nE-Mail: mail@datenschutzzentrum.de<br \/>\n\u00a7 3 Erhebung personenbezogener Daten bei Besuch unserer Website<\/p>\n<p>(1) Bei der blo\u00df informatorischen Nutzung der Website, also wenn Sie sich nicht registrieren oder uns anderweitig Informationen \u00fcbermitteln, erheben wir nur die personenbezogenen Daten, die Ihr Browser an unseren Server \u00fcbermittelt. Wenn Sie unsere Website betrachten m\u00f6chten, erheben wir die folgenden Daten, die f\u00fcr uns technisch erforderlich sind, um Ihnen unsere Website anzuzeigen und die Stabilit\u00e4t und Sicherheit zu gew\u00e4hrleisten (Rechtsgrundlage ist Art. 6 Abs. 1 S. 1 lit. f DS-GVO):<\/p>\n<p>IP-Adresse<br \/>\nDatum und Uhrzeit der Anfrage<br \/>\nZeitzonendifferenz zur Greenwich Mean Time (GMT)<br \/>\nInhalt der Anforderung (konkrete Seite)<br \/>\nZugriffsstatus\/HTTP-Statuscode<br \/>\njeweils \u00fcbertragene Datenmenge<br \/>\nWebsite, von der die Anforderung kommt<br \/>\nBrowser<br \/>\nBetriebssystem und dessen Oberfl\u00e4che<br \/>\nSprache und Version der Browsersoftware.<\/p>\n<p>(2) Die Daten werden bei unserem Internetprovider gespeichert.<br \/>\n\u00a7 4 Verwendung von Cookies<\/p>\n<p>(1) Zus\u00e4tzlich zu den zuvor genannten Daten werden bei Ihrer Nutzung unserer Website Cookies auf Ihrem Rechner gespeichert. Bei Cookies handelt es sich um kleine Textdateien, die auf Ihrer Festplatte dem von Ihnen verwendeten Browser zugeordnet gespeichert werden und durch welche der Stelle, die den Cookie setzt (hier durch uns), bestimmte Informationen zuflie\u00dfen. Cookies k\u00f6nnen keine Programme ausf\u00fchren oder Viren auf Ihren Computer \u00fcbertragen. Sie dienen dazu, das Internetangebot insgesamt nutzerfreundlicher und effektiver zu machen.<\/p>\n<p>(2) Sie k\u00f6nnen Ihre Browser-Einstellung entsprechend Ihren W\u00fcnschen konfigurieren und z.\u2009B. die Annahme von Third-Party-Cookies oder allen Cookies ablehnen. Wir weisen Sie darauf hin, dass Sie eventuell nicht alle Funktionen dieser Website nutzen k\u00f6nnen.<br \/>\n\u00a7 5 Einsatz von Google Analytics<\/p>\n<p>(1) Diese Website benutzt Google Analytics, einen Webanalysedienst der Google Inc. (\u201eGoogle\u201c). Google Analytics verwendet sog. \u201eCookies\u201c, Textdateien, die auf Ihrem Computer gespeichert werden und die eine Analyse der Benutzung der Website durch Sie erm\u00f6glichen. Die durch den Cookie erzeugten Informationen \u00fcber Ihre Benutzung dieser Website werden in der Regel an einen Server von Google in den USA \u00fcbertragen und dort gespeichert. Im Falle der Aktivierung der IP-Anonymisierung auf dieser Website, wird Ihre IP-Adresse von Google jedoch innerhalb von Mitgliedstaaten der Europ\u00e4ischen Union oder in anderen Vertragsstaaten des Abkommens \u00fcber den Europ\u00e4ischen Wirtschaftsraum zuvor gek\u00fcrzt. Nur in Ausnahmef\u00e4llen wird die volle IP-Adresse an einen Server von Google in den USA \u00fcbertragen und dort gek\u00fcrzt. Im Auftrag des Betreibers dieser Website wird Google diese Informationen benutzen, um Ihre Nutzung der Website auszuwerten, um Reports \u00fcber die Website-Aktivit\u00e4ten zusammenzustellen und um weitere mit der Website-Nutzung und der Internetnutzung verbundene Dienstleistungen gegen\u00fcber dem Website-Betreiber zu erbringen.<\/p>\n<p>(2) Die im Rahmen von Google Analytics von Ihrem Browser \u00fcbermittelte IP-Adresse wird nicht mit anderen Daten von Google zusammengef\u00fchrt.<\/p>\n<p>(3) Sie k\u00f6nnen die Speicherung der Cookies durch eine entsprechende Einstellung Ihrer Browser-Software verhindern; wir weisen Sie jedoch darauf hin, dass Sie in diesem Fall gegebenenfalls nicht s\u00e4mtliche Funktionen dieser Website vollumf\u00e4nglich werden nutzen k\u00f6nnen. Sie k\u00f6nnen dar\u00fcber hinaus die Erfassung der durch das Cookie erzeugten und auf Ihre Nutzung der Website bezogenen Daten (inkl. Ihrer IP-Adresse) an Google sowie die Verarbeitung dieser Daten durch Google verhindern, indem sie das unter dem folgenden Link verf\u00fcgbare Browser-Plug-in herunterladen und installieren: http:\/\/tools.google.com\/dlpage\/gaoptout?hl=de.<\/p>\n<p>(4) Diese Website verwendet Google Analytics mit der Erweiterung \u201e_anonymizeIp()\u201c. Dadurch werden IP-Adressen gek\u00fcrzt weiterverarbeitet, eine Personenbeziehbarkeit kann damit ausgeschlossen werden. Soweit den \u00fcber Sie erhobenen Daten ein Personenbezug zukommt, wird dieser also sofort ausgeschlossen und die personenbezogenen Daten damit umgehend gel\u00f6scht.<\/p>\n<p>(5) Wir nutzen Google Analytics, um die Nutzung unserer Website analysieren und regelm\u00e4\u00dfig verbessern zu k\u00f6nnen. \u00dcber die gewonnenen Statistiken k\u00f6nnen wir unser Angebot verbessern und f\u00fcr Sie als Nutzer interessanter ausgestalten. F\u00fcr die Ausnahmef\u00e4lle, in denen personenbezogene Daten in die USA \u00fcbertragen werden, hat sich Google dem EU-US Privacy Shield unterworfen, https:\/\/www.privacyshield.gov\/EU-US-Framework. Rechtsgrundlage f\u00fcr die Nutzung von Google Analytics ist Art. 6 Abs. 1 S. 1 lit. f DS-GVO.<\/p>\n<p>(6)          Informationen des Drittanbieters: Google Dublin, Google Ireland Ltd., Gordon House, Barrow Street, Dublin 4, Ireland, Fax: +353 (1) 436 1001. Nutzerbedingungen: http:\/\/www.google.com\/analytics\/terms\/de.html, \u00dcbersicht zum Datenschutz: http:\/\/www.google.com\/intl\/de\/analytics\/learn\/privacy.html, sowie die Datenschutzerkl\u00e4rung: http:\/\/www.google.de\/intl\/de\/policies\/privacy.<br \/>\n\u00a7 6 Einbindung von Google Maps<\/p>\n<p>(1) Auf dieser Webseite nutzen wir das Angebot von Google Maps. Dadurch k\u00f6nnen wir Ihnen interaktive Karten direkt in der Website anzeigen und erm\u00f6glichen Ihnen die komfortable Nutzung der Karten-Funktion.<\/p>\n<p>(2) Durch den Besuch auf der Website erh\u00e4lt Google die Information, dass Sie die entsprechende Unterseite unserer Website aufgerufen haben. Zudem werden die unter \u00a7 3 dieser Erkl\u00e4rung genannten Daten \u00fcbermittelt. Dies erfolgt unabh\u00e4ngig davon, ob Google ein Nutzerkonto bereitstellt, \u00fcber das Sie eingeloggt sind, oder ob kein Nutzerkonto besteht. Wenn Sie bei Google eingeloggt sind, werden Ihre Daten direkt Ihrem Konto zugeordnet. Wenn Sie die Zuordnung mit Ihrem Profil bei Google nicht w\u00fcnschen, m\u00fcssen Sie sich vor Aktivierung des Buttons ausloggen. Google speichert Ihre Daten als Nutzungsprofile und nutzt sie f\u00fcr Zwecke der Werbung, Marktforschung und\/oder bedarfsgerechten Gestaltung seiner Website. Eine solche Auswertung erfolgt insbesondere (selbst f\u00fcr nicht eingeloggte Nutzer) zur Erbringung von bedarfsgerechter Werbung und um andere Nutzer des sozialen Netzwerks \u00fcber Ihre Aktivit\u00e4ten auf unserer Website zu informieren. Ihnen steht ein Widerspruchsrecht zu gegen die Bildung dieser Nutzerprofile, wobei Sie sich zur Aus\u00fcbung dessen an Google richten m\u00fcssen.<\/p>\n<p>(3) Weitere Informationen zu Zweck und Umfang der Datenerhebung und ihrer Verarbeitung durch den Plug-in-Anbieter erhalten Sie in den Datenschutzerkl\u00e4rungen des Anbieters. Dort erhalten Sie auch weitere Informationen zu Ihren diesbez\u00fcglichen Rechten und Einstellungsm\u00f6glichkeiten zum Schutze Ihrer Privatsph\u00e4re: http:\/\/www.google.de\/intl\/de\/policies\/privacy. Google verarbeitet Ihre personenbezogenen Daten auch in den USA und hat sich dem EU-US Privacy Shield unterworfen, https:\/\/www.privacyshield.gov\/EU-US-Framework.<br \/>\n\u00a7 7 Einbindung von Google Fonts<\/p>\n<p>(1) Auf dieser Website sind Google Web Fonts implementiert. Mittels dieser wird die Darstellung von Schriften erm\u00f6glicht. Durch den Einsatz von Google Web Fonts wird beim Nutzen dieses Angebots ein externer Server von Google in den USA aufgerufen, d.h. Google ist theoretisch \u00fcber die Angebotsnutzung in Kenntnis gesetzt. Weitere datenschutzrechtliche Hinweise sind den Seiten des Anbieters \u201eGoogle\u201c zu entnehmen.<\/p>\n<p>(2) Weitere Informationen zu Zweck und Umfang der Datenerhebung und ihrer Verarbeitung durch den Plug-in-Anbieter erhalten Sie in den Datenschutzerkl\u00e4rungen des Anbieters. Dort erhalten Sie auch weitere Informationen zu Ihren diesbez\u00fcglichen Rechten und Einstellungsm\u00f6glichkeiten zum Schutze Ihrer Privatsph\u00e4re: http:\/\/www.google.de\/intl\/de\/policies\/privacy. Google verarbeitet Ihre personenbezogenen Daten auch in den USA und hat sich dem EU-US Privacy Shield unterworfen, https:\/\/www.privacyshield.gov\/EU-US-Framework.<br \/>\n\u00a7 8 Newsletter<\/p>\n<p>(1) Mit Ihrer Einwilligung k\u00f6nnen Sie unseren Newsletter abonnieren, mit dem wir Sie \u00fcber unsere aktuellen interessanten Angebote informieren. Die beworbenen Waren und Dienstleistungen sind in der Einwilligungserkl\u00e4rung benannt.<\/p>\n<p>(2) F\u00fcr die Anmeldung zu unserem Newsletter verwenden wir das sog. Double-opt-in-Verfahren. Das hei\u00dft, dass wir Ihnen nach Ihrer Anmeldung eine E-Mail an die angegebene E-Mail-Adresse senden, in welcher wir Sie um Best\u00e4tigung bitten, dass Sie den Versand des Newsletters w\u00fcnschen. Wenn Sie Ihre Anmeldung nicht innerhalb von [24 Stunden] best\u00e4tigen, werden Ihre Informationen gesperrt und nach einem Monat automatisch gel\u00f6scht. Dar\u00fcber hinaus speichern wir jeweils Ihre eingesetzten IP-Adressen und Zeitpunkte der Anmeldung und Best\u00e4tigung. Zweck des Verfahrens ist, Ihre Anmeldung nachweisen und ggf. einen m\u00f6glichen Missbrauch Ihrer pers\u00f6nlichen Daten aufkl\u00e4ren zu k\u00f6nnen.<\/p>\n<p>(3) Pflichtangabe f\u00fcr die \u00dcbersendung des Newsletters ist allein Ihre E-Mail-Adresse. Nach Ihrer Best\u00e4tigung speichern wir Ihre E-Mail-Adresse zum Zweck der Zusendung des Newsletters. Rechtsgrundlage ist Art. 6 Abs. 1 S. 1 lit. a DS-GVO.<\/p>\n<p>(4) Ihre Einwilligung in die \u00dcbersendung des Newsletters k\u00f6nnen Sie jederzeit widerrufen und den Newsletter abbestellen. Den Widerruf k\u00f6nnen Sie durch Klick auf den in jeder Newsletter-E-Mail bereitgestellten Link, [\u00fcber dieses Formular der Website,] per E-Mail an [Newsletter@example.com] oder durch eine Nachricht an die im Impressum angegebenen Kontaktdaten erkl\u00e4ren.<br \/>\n\u00a7 9 Einbindung von YouTube-Videos<\/p>\n<p>(1) Wir haben YouTube-Videos in unser Online-Angebot eingebunden, die auf http:\/\/www.YouTube.com gespeichert sind und von unserer Website aus direkt abspielbar sind.<\/p>\n<p>(2) Durch den Besuch auf der Website erh\u00e4lt YouTube die Information, dass Sie die entsprechende Unterseite unserer Website aufgerufen haben. Zudem werden die unter \u00a7 3 dieser Erkl\u00e4rung genannten Daten \u00fcbermittelt. Dies erfolgt unabh\u00e4ngig davon, ob YouTube ein Nutzerkonto bereitstellt, \u00fcber das Sie eingeloggt sind, oder ob kein Nutzerkonto besteht. Wenn Sie bei Google eingeloggt sind, werden Ihre Daten direkt Ihrem Konto zugeordnet. Wenn Sie die Zuordnung mit Ihrem Profil bei YouTube nicht w\u00fcnschen, m\u00fcssen Sie sich vor Aktivierung des Buttons ausloggen. YouTube speichert Ihre Daten als Nutzungsprofile und nutzt sie f\u00fcr Zwecke der Werbung, Marktforschung und\/oder bedarfsgerechten Gestaltung seiner Website. Eine solche Auswertung erfolgt insbesondere (selbst f\u00fcr nicht eingeloggte Nutzer) zur Erbringung von bedarfsgerechter Werbung und um andere Nutzer des sozialen Netzwerks \u00fcber Ihre Aktivit\u00e4ten auf unserer Website zu informieren. Ihnen steht ein Widerspruchsrecht zu gegen die Bildung dieser Nutzerprofile, wobei Sie sich zur Aus\u00fcbung dessen an YouTube richten m\u00fcssen.<\/p>\n<p>(3) Weitere Informationen zu Zweck und Umfang der Datenerhebung und ihrer Verarbeitung durch YouTube erhalten Sie in der Datenschutzerkl\u00e4rung. Dort erhalten Sie auch weitere Informationen zu Ihren Rechten und Einstellungsm\u00f6glichkeiten zum Schutze Ihrer Privatsph\u00e4re: https:\/\/www.google.de\/intl\/de\/policies\/privacy. Google verarbeitet Ihre personenbezogenen Daten auch in den USA und hat sich dem EU-US-Privacy-Shield unterworfen, https:\/\/www.privacyshield.gov\/EU-US-Framework.<\/p>\n","protected":false},"excerpt":{"rendered":"<p>Datenschutzerkl\u00e4rung \u00a7 1 Information \u00fcber die Erhebung personenbezogener Daten (1) Im Folgenden informieren wir \u00fcber die Erhebung personenbezogener Daten bei Nutzung unserer Website. Personenbezogene Daten sind alle Daten, die auf Sie pers\u00f6nlich beziehbar sind, z.\u2009B. Name, Adresse, E-Mail-Adressen, Nutzerverhalten. (2) Verantwortliche Stelle im Sinne der DSGVO ist Rehkitzrettung-Stormarn e.V. Vorstand: c\/o Regina Wriggers Up\u00b4n Barg&hellip; <br \/> <a class=\"read-more\" href=\"https:\/\/www.rehkitzrettung-stormarn.de\/index.php\/datenschutz\/\">Read more<\/a><\/p>\n","protected":false},"author":2,"featured_media":0,"parent":0,"menu_order":0,"comment_status":"closed","ping_status":"closed","template":"","meta":{"footnotes":""},"class_list":["post-185","page","type-page","status-publish","hentry"],"_links":{"self":[{"href":"https:\/\/www.rehkitzrettung-stormarn.de\/index.php\/wp-json\/wp\/v2\/pages\/185","targetHints":{"allow":["GET"]}}],"collection":[{"href":"https:\/\/www.rehkitzrettung-stormarn.de\/index.php\/wp-json\/wp\/v2\/pages"}],"about":[{"href":"https:\/\/www.rehkitzrettung-stormarn.de\/index.php\/wp-json\/wp\/v2\/types\/page"}],"author":[{"embeddable":true,"href":"https:\/\/www.rehkitzrettung-stormarn.de\/index.php\/wp-json\/wp\/v2\/users\/2"}],"replies":[{"embeddable":true,"href":"https:\/\/www.rehkitzrettung-stormarn.de\/index.php\/wp-json\/wp\/v2\/comments?post=185"}],"version-history":[{"count":1,"href":"https:\/\/www.rehkitzrettung-stormarn.de\/index.php\/wp-json\/wp\/v2\/pages\/185\/revisions"}],"predecessor-version":[{"id":186,"href":"https:\/\/www.rehkitzrettung-stormarn.de\/index.php\/wp-json\/wp\/v2\/pages\/185\/revisions\/186"}],"wp:attachment":[{"href":"https:\/\/www.rehkitzrettung-stormarn.de\/index.php\/wp-json\/wp\/v2\/media?parent=185"}],"curies":[{"name":"wp","href":"https:\/\/api.w.org\/{rel}","templated":true}]}}