{"id":461,"date":"2023-10-08T13:52:43","date_gmt":"2023-10-08T13:52:43","guid":{"rendered":"https:\/\/www.rehkitzrettung-stormarn.de\/?page_id=461"},"modified":"2023-10-09T15:31:38","modified_gmt":"2023-10-09T15:31:38","slug":"unsere-mission","status":"publish","type":"page","link":"https:\/\/www.rehkitzrettung-stormarn.de\/index.php\/unsere-mission\/","title":{"rendered":"Unsere Mission"},"content":{"rendered":"<div  data-label=\"Gallery\" data-id=\"gallery--1\" data-export-id=\"gallery-1\" data-category=\"gallery\" class=\"gallery-1 content-section content-section-spacing\" id=\"gallery-1\" style=\"background-color: rgb(255, 255, 255);\"><div  class=\"gridContainer\"> <div  class=\"row\"><div  class=\"section-title-col\" data-type=\"column\">  <p  class=\"lead\" style=\"text-align: left;\"><span  style=\"font-family: arial, helvetica, sans-serif;\">Der Verein Rehkitzrettung-Stormarn e.V. steht f\u00fcr gelebten Tierschutz. Im Mittelpunkt unserer T\u00e4tigkeit steht das Absuchen der Wiesen nach Rehkitzen. Dabei kommen modernste Drohnen zum Einsatz. Rehkitze sind von der Natur in den ersten Lebenswochen mit einem Dr\u00fcckinstinkt ausgestattet. Die geruchsneutralen Jungtiere dr\u00fccken sich im hohen Gras fest an den Boden, um bei drohender Gefahr f\u00fcr Fressfeinde praktisch unsichtbar zu sein. Ungl\u00fccklicherweise liegt die Zeit der Geburt der Rehkitze eng zusammen mit der Wiesenmahd. Der nat\u00fcrliche Schutz der Tiere wird ihnen w\u00e4hrend der Mahd zum Verh\u00e4ngnis, denn ihr Instinkt kann sie vor den M\u00e4hmaschinen nicht sch\u00fctzen. Deshalb arbeiten wir vor Ort mit den Landwirten und J\u00e4gern eng zusammen.&nbsp;<\/span><\/p><\/div> <\/div> <div  class=\"row text-center\"> <div  class=\"col-xs-12\" data-editable=\"true\" data-content-shortcode=\"mesmerize_gallery id=&quot;mesmerize-gallery-1&quot; columns=&quot;4&quot; ids=&quot;610,613,614,611,612,593,591,583,572,567,556,544,541,566&quot; lb=&quot;1&quot; masonry=&quot;1&quot; size=&quot;medium&quot; link=&quot;file&quot; \"><div id='mesmerize-gallery-1' class='gallery-wrapper'><style type=\"text\/css\">\n                    @media only screen and (min-width: 768px) {\n                    [data-unique-id='mesmerize-gallery-1-69fc8aa7d1cf5'] dl {\n                        float: left;\n                        width: 25% !important;\n                        max-width:  25% !important;\n                        min-width:  25% !important;\n                    }\n\n                    [data-unique-id='mesmerize-gallery-1-69fc8aa7d1cf5'] dl:nth-of-type(4n +1 ) {\n                      clear: both;\n                      }\n                    }\n                <\/style><div id='mesmerize-gallery-1' class='mesmerize-gallery-1-dls-wrapper gallery-items-wrapper materialis-gallery' data-unique-id='mesmerize-gallery-1-69fc8aa7d1cf5'><dl class='gallery-item'>\n\t\t\t<dt class='gallery-icon portrait'>\n\t\t\t\t<a data-fancybox=\"mesmerize-gallery-1-group\" href='https:\/\/www.rehkitzrettung-stormarn.de\/wp-content\/uploads\/2023\/10\/IMG_6448-scaled.jpeg'><img loading=\"lazy\" decoding=\"async\"  width=\"225\" height=\"300\" src=\"https:\/\/www.rehkitzrettung-stormarn.de\/wp-content\/uploads\/2023\/10\/IMG_6448-225x300.jpeg\"  class='mesmerize-gallery-1-image' alt=\"\" srcset=\"https:\/\/www.rehkitzrettung-stormarn.de\/wp-content\/uploads\/2023\/10\/IMG_6448-225x300.jpeg 225w, https:\/\/www.rehkitzrettung-stormarn.de\/wp-content\/uploads\/2023\/10\/IMG_6448-768x1024.jpeg 768w, https:\/\/www.rehkitzrettung-stormarn.de\/wp-content\/uploads\/2023\/10\/IMG_6448-1152x1536.jpeg 1152w, https:\/\/www.rehkitzrettung-stormarn.de\/wp-content\/uploads\/2023\/10\/IMG_6448-1536x2048.jpeg 1536w, https:\/\/www.rehkitzrettung-stormarn.de\/wp-content\/uploads\/2023\/10\/IMG_6448-1024x1365.jpeg 1024w, https:\/\/www.rehkitzrettung-stormarn.de\/wp-content\/uploads\/2023\/10\/IMG_6448-810x1080.jpeg 810w, https:\/\/www.rehkitzrettung-stormarn.de\/wp-content\/uploads\/2023\/10\/IMG_6448-scaled.jpeg 1920w\" sizes=\"auto, (max-width: 225px) 100vw, 225px\" \/><\/a>\n\t\t\t<\/dt><\/dl><dl class='gallery-item'>\n\t\t\t<dt class='gallery-icon portrait'>\n\t\t\t\t<a data-fancybox=\"mesmerize-gallery-1-group\" href='https:\/\/www.rehkitzrettung-stormarn.de\/wp-content\/uploads\/2023\/10\/IMG_6439-scaled.jpeg'><img loading=\"lazy\" decoding=\"async\"  width=\"225\" height=\"300\" src=\"https:\/\/www.rehkitzrettung-stormarn.de\/wp-content\/uploads\/2023\/10\/IMG_6439-225x300.jpeg\"  class='mesmerize-gallery-1-image' alt=\"\" srcset=\"https:\/\/www.rehkitzrettung-stormarn.de\/wp-content\/uploads\/2023\/10\/IMG_6439-225x300.jpeg 225w, https:\/\/www.rehkitzrettung-stormarn.de\/wp-content\/uploads\/2023\/10\/IMG_6439-768x1024.jpeg 768w, https:\/\/www.rehkitzrettung-stormarn.de\/wp-content\/uploads\/2023\/10\/IMG_6439-1152x1536.jpeg 1152w, https:\/\/www.rehkitzrettung-stormarn.de\/wp-content\/uploads\/2023\/10\/IMG_6439-1536x2048.jpeg 1536w, https:\/\/www.rehkitzrettung-stormarn.de\/wp-content\/uploads\/2023\/10\/IMG_6439-1024x1365.jpeg 1024w, https:\/\/www.rehkitzrettung-stormarn.de\/wp-content\/uploads\/2023\/10\/IMG_6439-810x1080.jpeg 810w, https:\/\/www.rehkitzrettung-stormarn.de\/wp-content\/uploads\/2023\/10\/IMG_6439-scaled.jpeg 1920w\" sizes=\"auto, (max-width: 225px) 100vw, 225px\" \/><\/a>\n\t\t\t<\/dt><\/dl><dl class='gallery-item'>\n\t\t\t<dt class='gallery-icon portrait'>\n\t\t\t\t<a data-fancybox=\"mesmerize-gallery-1-group\" href='https:\/\/www.rehkitzrettung-stormarn.de\/wp-content\/uploads\/2023\/10\/IMG_6431-scaled.jpeg'><img loading=\"lazy\" decoding=\"async\"  width=\"225\" height=\"300\" src=\"https:\/\/www.rehkitzrettung-stormarn.de\/wp-content\/uploads\/2023\/10\/IMG_6431-225x300.jpeg\"  class='mesmerize-gallery-1-image' alt=\"\" srcset=\"https:\/\/www.rehkitzrettung-stormarn.de\/wp-content\/uploads\/2023\/10\/IMG_6431-225x300.jpeg 225w, https:\/\/www.rehkitzrettung-stormarn.de\/wp-content\/uploads\/2023\/10\/IMG_6431-768x1024.jpeg 768w, https:\/\/www.rehkitzrettung-stormarn.de\/wp-content\/uploads\/2023\/10\/IMG_6431-1152x1536.jpeg 1152w, https:\/\/www.rehkitzrettung-stormarn.de\/wp-content\/uploads\/2023\/10\/IMG_6431-1536x2048.jpeg 1536w, https:\/\/www.rehkitzrettung-stormarn.de\/wp-content\/uploads\/2023\/10\/IMG_6431-1024x1365.jpeg 1024w, https:\/\/www.rehkitzrettung-stormarn.de\/wp-content\/uploads\/2023\/10\/IMG_6431-810x1080.jpeg 810w, https:\/\/www.rehkitzrettung-stormarn.de\/wp-content\/uploads\/2023\/10\/IMG_6431-scaled.jpeg 1920w\" sizes=\"auto, (max-width: 225px) 100vw, 225px\" \/><\/a>\n\t\t\t<\/dt><\/dl><dl class='gallery-item'>\n\t\t\t<dt class='gallery-icon portrait'>\n\t\t\t\t<a data-fancybox=\"mesmerize-gallery-1-group\" href='https:\/\/www.rehkitzrettung-stormarn.de\/wp-content\/uploads\/2023\/10\/IMG_6445-scaled.jpeg'><img loading=\"lazy\" decoding=\"async\"  width=\"225\" height=\"300\" src=\"https:\/\/www.rehkitzrettung-stormarn.de\/wp-content\/uploads\/2023\/10\/IMG_6445-225x300.jpeg\"  class='mesmerize-gallery-1-image' alt=\"\" srcset=\"https:\/\/www.rehkitzrettung-stormarn.de\/wp-content\/uploads\/2023\/10\/IMG_6445-225x300.jpeg 225w, https:\/\/www.rehkitzrettung-stormarn.de\/wp-content\/uploads\/2023\/10\/IMG_6445-768x1024.jpeg 768w, https:\/\/www.rehkitzrettung-stormarn.de\/wp-content\/uploads\/2023\/10\/IMG_6445-1152x1536.jpeg 1152w, https:\/\/www.rehkitzrettung-stormarn.de\/wp-content\/uploads\/2023\/10\/IMG_6445-1536x2048.jpeg 1536w, https:\/\/www.rehkitzrettung-stormarn.de\/wp-content\/uploads\/2023\/10\/IMG_6445-1024x1365.jpeg 1024w, https:\/\/www.rehkitzrettung-stormarn.de\/wp-content\/uploads\/2023\/10\/IMG_6445-810x1080.jpeg 810w, https:\/\/www.rehkitzrettung-stormarn.de\/wp-content\/uploads\/2023\/10\/IMG_6445-scaled.jpeg 1920w\" sizes=\"auto, (max-width: 225px) 100vw, 225px\" \/><\/a>\n\t\t\t<\/dt><\/dl><dl class='gallery-item'>\n\t\t\t<dt class='gallery-icon portrait'>\n\t\t\t\t<a data-fancybox=\"mesmerize-gallery-1-group\" href='https:\/\/www.rehkitzrettung-stormarn.de\/wp-content\/uploads\/2023\/10\/IMG_6443-scaled.jpeg'><img loading=\"lazy\" decoding=\"async\"  width=\"225\" height=\"300\" src=\"https:\/\/www.rehkitzrettung-stormarn.de\/wp-content\/uploads\/2023\/10\/IMG_6443-225x300.jpeg\"  class='mesmerize-gallery-1-image' alt=\"\" srcset=\"https:\/\/www.rehkitzrettung-stormarn.de\/wp-content\/uploads\/2023\/10\/IMG_6443-225x300.jpeg 225w, https:\/\/www.rehkitzrettung-stormarn.de\/wp-content\/uploads\/2023\/10\/IMG_6443-768x1024.jpeg 768w, https:\/\/www.rehkitzrettung-stormarn.de\/wp-content\/uploads\/2023\/10\/IMG_6443-1152x1536.jpeg 1152w, https:\/\/www.rehkitzrettung-stormarn.de\/wp-content\/uploads\/2023\/10\/IMG_6443-1536x2048.jpeg 1536w, https:\/\/www.rehkitzrettung-stormarn.de\/wp-content\/uploads\/2023\/10\/IMG_6443-1024x1365.jpeg 1024w, https:\/\/www.rehkitzrettung-stormarn.de\/wp-content\/uploads\/2023\/10\/IMG_6443-810x1080.jpeg 810w, https:\/\/www.rehkitzrettung-stormarn.de\/wp-content\/uploads\/2023\/10\/IMG_6443-scaled.jpeg 1920w\" sizes=\"auto, (max-width: 225px) 100vw, 225px\" \/><\/a>\n\t\t\t<\/dt><\/dl><dl class='gallery-item'>\n\t\t\t<dt class='gallery-icon portrait'>\n\t\t\t\t<a data-fancybox=\"mesmerize-gallery-1-group\" href='https:\/\/www.rehkitzrettung-stormarn.de\/wp-content\/uploads\/2023\/10\/9689aafd-c2c0-475f-bb13-c49f989709db.jpeg'><img loading=\"lazy\" decoding=\"async\"  width=\"225\" height=\"300\" src=\"https:\/\/www.rehkitzrettung-stormarn.de\/wp-content\/uploads\/2023\/10\/9689aafd-c2c0-475f-bb13-c49f989709db-225x300.jpeg\"  class='mesmerize-gallery-1-image' alt=\"\" srcset=\"https:\/\/www.rehkitzrettung-stormarn.de\/wp-content\/uploads\/2023\/10\/9689aafd-c2c0-475f-bb13-c49f989709db-225x300.jpeg 225w, https:\/\/www.rehkitzrettung-stormarn.de\/wp-content\/uploads\/2023\/10\/9689aafd-c2c0-475f-bb13-c49f989709db.jpeg 768w\" sizes=\"auto, (max-width: 225px) 100vw, 225px\" \/><\/a>\n\t\t\t<\/dt><\/dl><dl class='gallery-item'>\n\t\t\t<dt class='gallery-icon portrait'>\n\t\t\t\t<a data-fancybox=\"mesmerize-gallery-1-group\" href='https:\/\/www.rehkitzrettung-stormarn.de\/wp-content\/uploads\/2023\/10\/6412c559-9943-48a3-8d75-cba77e9ad240.jpeg'><img loading=\"lazy\" decoding=\"async\"  width=\"177\" height=\"300\" src=\"https:\/\/www.rehkitzrettung-stormarn.de\/wp-content\/uploads\/2023\/10\/6412c559-9943-48a3-8d75-cba77e9ad240-177x300.jpeg\"  class='mesmerize-gallery-1-image' alt=\"\" srcset=\"https:\/\/www.rehkitzrettung-stormarn.de\/wp-content\/uploads\/2023\/10\/6412c559-9943-48a3-8d75-cba77e9ad240-177x300.jpeg 177w, https:\/\/www.rehkitzrettung-stormarn.de\/wp-content\/uploads\/2023\/10\/6412c559-9943-48a3-8d75-cba77e9ad240.jpeg 605w\" sizes=\"auto, (max-width: 177px) 100vw, 177px\" \/><\/a>\n\t\t\t<\/dt><\/dl><dl class='gallery-item'>\n\t\t\t<dt class='gallery-icon portrait'>\n\t\t\t\t<a data-fancybox=\"mesmerize-gallery-1-group\" href='https:\/\/www.rehkitzrettung-stormarn.de\/wp-content\/uploads\/2023\/10\/acda31fd-bdf7-4370-b2de-6bb4dcb69c5c.jpeg'><img loading=\"lazy\" decoding=\"async\"  width=\"225\" height=\"300\" src=\"https:\/\/www.rehkitzrettung-stormarn.de\/wp-content\/uploads\/2023\/10\/acda31fd-bdf7-4370-b2de-6bb4dcb69c5c-225x300.jpeg\"  class='mesmerize-gallery-1-image' alt=\"\" srcset=\"https:\/\/www.rehkitzrettung-stormarn.de\/wp-content\/uploads\/2023\/10\/acda31fd-bdf7-4370-b2de-6bb4dcb69c5c-225x300.jpeg 225w, https:\/\/www.rehkitzrettung-stormarn.de\/wp-content\/uploads\/2023\/10\/acda31fd-bdf7-4370-b2de-6bb4dcb69c5c-768x1024.jpeg 768w, https:\/\/www.rehkitzrettung-stormarn.de\/wp-content\/uploads\/2023\/10\/acda31fd-bdf7-4370-b2de-6bb4dcb69c5c-810x1080.jpeg 810w, https:\/\/www.rehkitzrettung-stormarn.de\/wp-content\/uploads\/2023\/10\/acda31fd-bdf7-4370-b2de-6bb4dcb69c5c.jpeg 960w\" sizes=\"auto, (max-width: 225px) 100vw, 225px\" \/><\/a>\n\t\t\t<\/dt><\/dl><dl class='gallery-item'>\n\t\t\t<dt class='gallery-icon portrait'>\n\t\t\t\t<a data-fancybox=\"mesmerize-gallery-1-group\" href='https:\/\/www.rehkitzrettung-stormarn.de\/wp-content\/uploads\/2023\/10\/1abb38bc-46d2-4d96-befb-13df9617fd95.jpeg'><img loading=\"lazy\" decoding=\"async\"  width=\"225\" height=\"300\" src=\"https:\/\/www.rehkitzrettung-stormarn.de\/wp-content\/uploads\/2023\/10\/1abb38bc-46d2-4d96-befb-13df9617fd95-225x300.jpeg\"  class='mesmerize-gallery-1-image' alt=\"\" srcset=\"https:\/\/www.rehkitzrettung-stormarn.de\/wp-content\/uploads\/2023\/10\/1abb38bc-46d2-4d96-befb-13df9617fd95-225x300.jpeg 225w, https:\/\/www.rehkitzrettung-stormarn.de\/wp-content\/uploads\/2023\/10\/1abb38bc-46d2-4d96-befb-13df9617fd95.jpeg 768w\" sizes=\"auto, (max-width: 225px) 100vw, 225px\" \/><\/a>\n\t\t\t<\/dt><\/dl><dl class='gallery-item'>\n\t\t\t<dt class='gallery-icon portrait'>\n\t\t\t\t<a data-fancybox=\"mesmerize-gallery-1-group\" href='https:\/\/www.rehkitzrettung-stormarn.de\/wp-content\/uploads\/2023\/10\/886c9279-78bc-4b44-b904-80b0f3bcd14e.jpeg'><img loading=\"lazy\" decoding=\"async\"  width=\"169\" height=\"300\" src=\"https:\/\/www.rehkitzrettung-stormarn.de\/wp-content\/uploads\/2023\/10\/886c9279-78bc-4b44-b904-80b0f3bcd14e-169x300.jpeg\"  class='mesmerize-gallery-1-image' alt=\"\" srcset=\"https:\/\/www.rehkitzrettung-stormarn.de\/wp-content\/uploads\/2023\/10\/886c9279-78bc-4b44-b904-80b0f3bcd14e-169x300.jpeg 169w, https:\/\/www.rehkitzrettung-stormarn.de\/wp-content\/uploads\/2023\/10\/886c9279-78bc-4b44-b904-80b0f3bcd14e-576x1024.jpeg 576w, https:\/\/www.rehkitzrettung-stormarn.de\/wp-content\/uploads\/2023\/10\/886c9279-78bc-4b44-b904-80b0f3bcd14e-608x1080.jpeg 608w, https:\/\/www.rehkitzrettung-stormarn.de\/wp-content\/uploads\/2023\/10\/886c9279-78bc-4b44-b904-80b0f3bcd14e.jpeg 720w\" sizes=\"auto, (max-width: 169px) 100vw, 169px\" \/><\/a>\n\t\t\t<\/dt><\/dl><dl class='gallery-item'>\n\t\t\t<dt class='gallery-icon portrait'>\n\t\t\t\t<a data-fancybox=\"mesmerize-gallery-1-group\" href='https:\/\/www.rehkitzrettung-stormarn.de\/wp-content\/uploads\/2023\/10\/fb638f18-595b-4cde-a8e3-f566ae5b1afd.jpeg'><img loading=\"lazy\" decoding=\"async\"  width=\"225\" height=\"300\" src=\"https:\/\/www.rehkitzrettung-stormarn.de\/wp-content\/uploads\/2023\/10\/fb638f18-595b-4cde-a8e3-f566ae5b1afd-225x300.jpeg\"  class='mesmerize-gallery-1-image' alt=\"\" srcset=\"https:\/\/www.rehkitzrettung-stormarn.de\/wp-content\/uploads\/2023\/10\/fb638f18-595b-4cde-a8e3-f566ae5b1afd-225x300.jpeg 225w, https:\/\/www.rehkitzrettung-stormarn.de\/wp-content\/uploads\/2023\/10\/fb638f18-595b-4cde-a8e3-f566ae5b1afd-768x1024.jpeg 768w, https:\/\/www.rehkitzrettung-stormarn.de\/wp-content\/uploads\/2023\/10\/fb638f18-595b-4cde-a8e3-f566ae5b1afd-1152x1536.jpeg 1152w, https:\/\/www.rehkitzrettung-stormarn.de\/wp-content\/uploads\/2023\/10\/fb638f18-595b-4cde-a8e3-f566ae5b1afd-1024x1365.jpeg 1024w, https:\/\/www.rehkitzrettung-stormarn.de\/wp-content\/uploads\/2023\/10\/fb638f18-595b-4cde-a8e3-f566ae5b1afd-810x1080.jpeg 810w, https:\/\/www.rehkitzrettung-stormarn.de\/wp-content\/uploads\/2023\/10\/fb638f18-595b-4cde-a8e3-f566ae5b1afd.jpeg 1536w\" sizes=\"auto, (max-width: 225px) 100vw, 225px\" \/><\/a>\n\t\t\t<\/dt><\/dl><dl class='gallery-item'>\n\t\t\t<dt class='gallery-icon portrait'>\n\t\t\t\t<a data-fancybox=\"mesmerize-gallery-1-group\" href='https:\/\/www.rehkitzrettung-stormarn.de\/wp-content\/uploads\/2023\/10\/IMG_7751-scaled.jpeg'><img loading=\"lazy\" decoding=\"async\"  width=\"225\" height=\"300\" src=\"https:\/\/www.rehkitzrettung-stormarn.de\/wp-content\/uploads\/2023\/10\/IMG_7751-225x300.jpeg\"  class='mesmerize-gallery-1-image' alt=\"\" srcset=\"https:\/\/www.rehkitzrettung-stormarn.de\/wp-content\/uploads\/2023\/10\/IMG_7751-225x300.jpeg 225w, https:\/\/www.rehkitzrettung-stormarn.de\/wp-content\/uploads\/2023\/10\/IMG_7751-768x1024.jpeg 768w, https:\/\/www.rehkitzrettung-stormarn.de\/wp-content\/uploads\/2023\/10\/IMG_7751-1152x1536.jpeg 1152w, https:\/\/www.rehkitzrettung-stormarn.de\/wp-content\/uploads\/2023\/10\/IMG_7751-1536x2048.jpeg 1536w, https:\/\/www.rehkitzrettung-stormarn.de\/wp-content\/uploads\/2023\/10\/IMG_7751-1024x1365.jpeg 1024w, https:\/\/www.rehkitzrettung-stormarn.de\/wp-content\/uploads\/2023\/10\/IMG_7751-810x1080.jpeg 810w, https:\/\/www.rehkitzrettung-stormarn.de\/wp-content\/uploads\/2023\/10\/IMG_7751-scaled.jpeg 1920w\" sizes=\"auto, (max-width: 225px) 100vw, 225px\" \/><\/a>\n\t\t\t<\/dt><\/dl><dl class='gallery-item'>\n\t\t\t<dt class='gallery-icon portrait'>\n\t\t\t\t<a data-fancybox=\"mesmerize-gallery-1-group\" href='https:\/\/www.rehkitzrettung-stormarn.de\/wp-content\/uploads\/2023\/10\/IMG_7788-scaled.jpeg'><img loading=\"lazy\" decoding=\"async\"  width=\"225\" height=\"300\" src=\"https:\/\/www.rehkitzrettung-stormarn.de\/wp-content\/uploads\/2023\/10\/IMG_7788-225x300.jpeg\"  class='mesmerize-gallery-1-image' alt=\"\" srcset=\"https:\/\/www.rehkitzrettung-stormarn.de\/wp-content\/uploads\/2023\/10\/IMG_7788-225x300.jpeg 225w, https:\/\/www.rehkitzrettung-stormarn.de\/wp-content\/uploads\/2023\/10\/IMG_7788-768x1024.jpeg 768w, https:\/\/www.rehkitzrettung-stormarn.de\/wp-content\/uploads\/2023\/10\/IMG_7788-1152x1536.jpeg 1152w, https:\/\/www.rehkitzrettung-stormarn.de\/wp-content\/uploads\/2023\/10\/IMG_7788-1536x2048.jpeg 1536w, https:\/\/www.rehkitzrettung-stormarn.de\/wp-content\/uploads\/2023\/10\/IMG_7788-1024x1365.jpeg 1024w, https:\/\/www.rehkitzrettung-stormarn.de\/wp-content\/uploads\/2023\/10\/IMG_7788-810x1080.jpeg 810w, https:\/\/www.rehkitzrettung-stormarn.de\/wp-content\/uploads\/2023\/10\/IMG_7788-scaled.jpeg 1920w\" sizes=\"auto, (max-width: 225px) 100vw, 225px\" \/><\/a>\n\t\t\t<\/dt><\/dl><dl class='gallery-item'>\n\t\t\t<dt class='gallery-icon portrait'>\n\t\t\t\t<a data-fancybox=\"mesmerize-gallery-1-group\" href='https:\/\/www.rehkitzrettung-stormarn.de\/wp-content\/uploads\/2023\/10\/IMG_7353-scaled.jpeg'><img loading=\"lazy\" decoding=\"async\"  width=\"225\" height=\"300\" src=\"https:\/\/www.rehkitzrettung-stormarn.de\/wp-content\/uploads\/2023\/10\/IMG_7353-225x300.jpeg\"  class='mesmerize-gallery-1-image' alt=\"\" srcset=\"https:\/\/www.rehkitzrettung-stormarn.de\/wp-content\/uploads\/2023\/10\/IMG_7353-225x300.jpeg 225w, https:\/\/www.rehkitzrettung-stormarn.de\/wp-content\/uploads\/2023\/10\/IMG_7353-768x1024.jpeg 768w, https:\/\/www.rehkitzrettung-stormarn.de\/wp-content\/uploads\/2023\/10\/IMG_7353-1152x1536.jpeg 1152w, https:\/\/www.rehkitzrettung-stormarn.de\/wp-content\/uploads\/2023\/10\/IMG_7353-1536x2048.jpeg 1536w, https:\/\/www.rehkitzrettung-stormarn.de\/wp-content\/uploads\/2023\/10\/IMG_7353-1024x1365.jpeg 1024w, https:\/\/www.rehkitzrettung-stormarn.de\/wp-content\/uploads\/2023\/10\/IMG_7353-810x1080.jpeg 810w, https:\/\/www.rehkitzrettung-stormarn.de\/wp-content\/uploads\/2023\/10\/IMG_7353-scaled.jpeg 1920w\" sizes=\"auto, (max-width: 225px) 100vw, 225px\" \/><\/a>\n\t\t\t<\/dt><\/dl>\n\t\t\t\n\t\t<\/div>\n<script>(function($){window.MaterialisCaptionsGallery && window.MaterialisCaptionsGallery($('[data-unique-id=\"mesmerize-gallery-1-69fc8aa7d1cf5\"]'))})(jQuery)<\/script><\/div><\/div><\/div> <\/div><\/div>","protected":false},"excerpt":{"rendered":"<p>Der Verein Rehkitzrettung-Stormarn e.V. steht f\u00fcr gelebten Tierschutz. Im Mittelpunkt unserer T\u00e4tigkeit steht das Absuchen der Wiesen nach Rehkitzen. Dabei kommen modernste Drohnen zum Einsatz. Rehkitze sind von der Natur in den ersten Lebenswochen mit einem Dr\u00fcckinstinkt ausgestattet. Die geruchsneutralen Jungtiere dr\u00fccken sich im hohen Gras fest an den Boden, um bei drohender Gefahr f\u00fcr&hellip; <br \/> <a class=\"read-more\" href=\"https:\/\/www.rehkitzrettung-stormarn.de\/index.php\/unsere-mission\/\">Read more<\/a><\/p>\n","protected":false},"author":2,"featured_media":0,"parent":0,"menu_order":0,"comment_status":"closed","ping_status":"closed","template":"pro\/page-templates\/full-width-page.php","meta":{"footnotes":""},"class_list":["post-461","page","type-page","status-publish","hentry"],"_links":{"self":[{"href":"https:\/\/www.rehkitzrettung-stormarn.de\/index.php\/wp-json\/wp\/v2\/pages\/461","targetHints":{"allow":["GET"]}}],"collection":[{"href":"https:\/\/www.rehkitzrettung-stormarn.de\/index.php\/wp-json\/wp\/v2\/pages"}],"about":[{"href":"https:\/\/www.rehkitzrettung-stormarn.de\/index.php\/wp-json\/wp\/v2\/types\/page"}],"author":[{"embeddable":true,"href":"https:\/\/www.rehkitzrettung-stormarn.de\/index.php\/wp-json\/wp\/v2\/users\/2"}],"replies":[{"embeddable":true,"href":"https:\/\/www.rehkitzrettung-stormarn.de\/index.php\/wp-json\/wp\/v2\/comments?post=461"}],"version-history":[{"count":6,"href":"https:\/\/www.rehkitzrettung-stormarn.de\/index.php\/wp-json\/wp\/v2\/pages\/461\/revisions"}],"predecessor-version":[{"id":640,"href":"https:\/\/www.rehkitzrettung-stormarn.de\/index.php\/wp-json\/wp\/v2\/pages\/461\/revisions\/640"}],"wp:attachment":[{"href":"https:\/\/www.rehkitzrettung-stormarn.de\/index.php\/wp-json\/wp\/v2\/media?parent=461"}],"curies":[{"name":"wp","href":"https:\/\/api.w.org\/{rel}","templated":true}]}}