{"id":465,"date":"2023-10-08T13:53:25","date_gmt":"2023-10-08T13:53:25","guid":{"rendered":"https:\/\/www.rehkitzrettung-stormarn.de\/?page_id=465"},"modified":"2023-10-09T16:21:12","modified_gmt":"2023-10-09T16:21:12","slug":"unsere-methode","status":"publish","type":"page","link":"https:\/\/www.rehkitzrettung-stormarn.de\/index.php\/unsere-methode\/","title":{"rendered":"Unsere Methode"},"content":{"rendered":"<div  data-label=\"Content\" data-id=\"content--2\" data-export-id=\"content-12\" data-category=\"content\" class=\"content-12 content-section content-section-spacing\" id=\"content-2\" style=\"background-color: rgb(255, 255, 255);\"><div  class=\"gridContainer\"> <div  class=\"row text-center\"><div  class=\"section-title-col\" data-type=\"column\"> <h2  class=\"\" style=\"text-align: center;\"><span  style=\"font-family: arial, helvetica, sans-serif; color: rgb(0, 0, 0);\">Mit herk\u00f6mmlichen Methoden sind sie \n<br >schwer zu finden.<\/span><\/h2> <p  class=\"lead\"><span  style=\"font-family: arial, helvetica, sans-serif; color: rgb(0, 0, 0);\">Eine Drohne \u2013 ausgestattet mit einer W\u00e4rmebildkamera- macht die Tiere in den Stunden ohne Sonneneinstrahlung sichtbar. Genau dann hebt sich ihre K\u00f6rpertemperatur deutlich von der Umgebung ab. Ist die Drohne zus\u00e4tzlich mit einer normalen Kamera ausgestattet, kann man die Suche sogar noch im Laufe des Vormittags fortsetzen.&nbsp;<\/span><\/p><\/div> <\/div> <div  class=\"row center-xs middle-xs\"> <div  class=\"col-sm-9\" data-type=\"column\"> <img decoding=\"async\"  class=\"shadow-large\" src=\"https:\/\/www.rehkitzrettung-stormarn.de\/wp-content\/uploads\/2023\/10\/cropped-cropped-cropped-cropped-cropped-0db3000e-1e56-4c15-88b9-fa333bc0297f.jpeg\" title=\"cropped-cropped-cropped-cropped-cropped-0db3000e-1e56-4c15-88b9-fa333bc0297f.jpeg\" alt=\"\"><\/div> <\/div><\/div> <\/div><div  data-label=\"Content\" data-id=\"content--1\" data-export-id=\"content-8\" data-category=\"content\" class=\"content-8 content-section content-section-spacing\" id=\"content-1\" style=\"background-color: rgb(255, 255, 255);\"><div  class=\"gridContainer\"> <div  class=\"row middle-sm\"><div  class=\"col-sm-6 space-bottom-xs space-top-xs\" data-type=\"column\"> <img decoding=\"async\"  class=\"shadow-large\" src=\"https:\/\/www.rehkitzrettung-stormarn.de\/wp-content\/uploads\/2023\/10\/cropped-IMG_6637-scaled-1.jpeg\" title=\"IMG_6637\" alt=\"\"><\/div> <div  class=\"col-sm-6\" data-type=\"column\"><h2  class=\"\"><span  style=\"font-family: arial, helvetica, sans-serif; color: rgb(0, 0, 0); font-weight: 600;\">Entsprechend kostspielig ist die Anschaffung geeigneter Drohnen und der dazugeh\u00f6rigen Technik.<\/span><\/h2> <p  class=\"\"><span  style=\"font-family: arial, helvetica, sans-serif; color: rgb(0, 0, 0);\">Das Ziel von Rehkitzrettung-Stormarn e.V. ist die Anschaffung eigener Drohnen und die fachgerechte Ausbildung von Einsatzteams. F\u00fcr die Wiesenmahd zwischen April und Juni kommt nur ein kurzes Zeitfenster in Betracht, denn auch die Witterung muss stimmen. Daher kommt es auf eine gute Zusammenarbeit an: Landwirte, J\u00e4ger, Drohnenpiloten und Rehkitzretter m\u00fcssen gut vernetzt sein \u2013 Das ist unser Ziel!<\/span><\/p> <\/div> <\/div><\/div> <\/div><div  data-label=\"Gallery\" data-id=\"gallery--1\" data-export-id=\"gallery-2\" data-category=\"gallery\" class=\"gallery-2 content-section content-section-spacing\" id=\"gallery-1\" style=\"background-color: rgb(245, 250, 253);\"><div  class=\"\"> <div  class=\"row\"><div  class=\"col-xs-12 full-no-padding\" data-editable=\"true\" data-content-shortcode=\"mesmerize_gallery id=&quot;mesmerize-gallery-2&quot; columns=&quot;5&quot; ids=&quot;602,564,577,586,554,597,607,609,617,616&quot; lb=&quot;1&quot; masonry=&quot;0&quot; size=&quot;medium&quot; link=&quot;file&quot; \"><div id='mesmerize-gallery-2' class='gallery-wrapper'><style type=\"text\/css\">\n                    @media only screen and (min-width: 768px) {\n                    [data-unique-id='mesmerize-gallery-2-6a07122b8f7df'] dl {\n                        float: left;\n                        width: 20% !important;\n                        max-width:  20% !important;\n                        min-width:  20% !important;\n                    }\n\n                    [data-unique-id='mesmerize-gallery-2-6a07122b8f7df'] dl:nth-of-type(5n +1 ) {\n                      clear: both;\n                      }\n                    }\n                <\/style><div id='mesmerize-gallery-2' class='mesmerize-gallery-2-dls-wrapper gallery-items-wrapper materialis-gallery' data-unique-id='mesmerize-gallery-2-6a07122b8f7df'><dl class='gallery-item'>\n\t\t\t<dt class='gallery-icon portrait'>\n\t\t\t\t<a data-fancybox=\"mesmerize-gallery-2-group\" href='https:\/\/www.rehkitzrettung-stormarn.de\/wp-content\/uploads\/2023\/10\/IMG_6646-scaled.jpeg'><img loading=\"lazy\" decoding=\"async\"  width=\"225\" height=\"300\" src=\"https:\/\/www.rehkitzrettung-stormarn.de\/wp-content\/uploads\/2023\/10\/IMG_6646-225x300.jpeg\"  class='mesmerize-gallery-2-image' alt=\"\" srcset=\"https:\/\/www.rehkitzrettung-stormarn.de\/wp-content\/uploads\/2023\/10\/IMG_6646-225x300.jpeg 225w, https:\/\/www.rehkitzrettung-stormarn.de\/wp-content\/uploads\/2023\/10\/IMG_6646-768x1024.jpeg 768w, https:\/\/www.rehkitzrettung-stormarn.de\/wp-content\/uploads\/2023\/10\/IMG_6646-1152x1536.jpeg 1152w, https:\/\/www.rehkitzrettung-stormarn.de\/wp-content\/uploads\/2023\/10\/IMG_6646-1536x2048.jpeg 1536w, https:\/\/www.rehkitzrettung-stormarn.de\/wp-content\/uploads\/2023\/10\/IMG_6646-1024x1365.jpeg 1024w, https:\/\/www.rehkitzrettung-stormarn.de\/wp-content\/uploads\/2023\/10\/IMG_6646-810x1080.jpeg 810w, https:\/\/www.rehkitzrettung-stormarn.de\/wp-content\/uploads\/2023\/10\/IMG_6646-scaled.jpeg 1920w\" sizes=\"auto, (max-width: 225px) 100vw, 225px\" \/><\/a>\n\t\t\t<\/dt><\/dl><dl class='gallery-item'>\n\t\t\t<dt class='gallery-icon portrait'>\n\t\t\t\t<a data-fancybox=\"mesmerize-gallery-2-group\" href='https:\/\/www.rehkitzrettung-stormarn.de\/wp-content\/uploads\/2023\/10\/9b5e3766-2b1d-492e-b1c4-bb16b275ab6f.jpeg'><img loading=\"lazy\" decoding=\"async\"  width=\"225\" height=\"300\" src=\"https:\/\/www.rehkitzrettung-stormarn.de\/wp-content\/uploads\/2023\/10\/9b5e3766-2b1d-492e-b1c4-bb16b275ab6f-225x300.jpeg\"  class='mesmerize-gallery-2-image' alt=\"\" srcset=\"https:\/\/www.rehkitzrettung-stormarn.de\/wp-content\/uploads\/2023\/10\/9b5e3766-2b1d-492e-b1c4-bb16b275ab6f-225x300.jpeg 225w, https:\/\/www.rehkitzrettung-stormarn.de\/wp-content\/uploads\/2023\/10\/9b5e3766-2b1d-492e-b1c4-bb16b275ab6f-768x1024.jpeg 768w, https:\/\/www.rehkitzrettung-stormarn.de\/wp-content\/uploads\/2023\/10\/9b5e3766-2b1d-492e-b1c4-bb16b275ab6f-1152x1536.jpeg 1152w, https:\/\/www.rehkitzrettung-stormarn.de\/wp-content\/uploads\/2023\/10\/9b5e3766-2b1d-492e-b1c4-bb16b275ab6f-1024x1365.jpeg 1024w, https:\/\/www.rehkitzrettung-stormarn.de\/wp-content\/uploads\/2023\/10\/9b5e3766-2b1d-492e-b1c4-bb16b275ab6f-810x1080.jpeg 810w, https:\/\/www.rehkitzrettung-stormarn.de\/wp-content\/uploads\/2023\/10\/9b5e3766-2b1d-492e-b1c4-bb16b275ab6f.jpeg 1200w\" sizes=\"auto, (max-width: 225px) 100vw, 225px\" \/><\/a>\n\t\t\t<\/dt><\/dl><dl class='gallery-item'>\n\t\t\t<dt class='gallery-icon portrait'>\n\t\t\t\t<a data-fancybox=\"mesmerize-gallery-2-group\" href='https:\/\/www.rehkitzrettung-stormarn.de\/wp-content\/uploads\/2023\/10\/1e2e4597-aaed-4c3a-a147-6e226e036ec1.jpeg'><img loading=\"lazy\" decoding=\"async\"  width=\"225\" height=\"300\" src=\"https:\/\/www.rehkitzrettung-stormarn.de\/wp-content\/uploads\/2023\/10\/1e2e4597-aaed-4c3a-a147-6e226e036ec1-225x300.jpeg\"  class='mesmerize-gallery-2-image' alt=\"\" srcset=\"https:\/\/www.rehkitzrettung-stormarn.de\/wp-content\/uploads\/2023\/10\/1e2e4597-aaed-4c3a-a147-6e226e036ec1-225x300.jpeg 225w, https:\/\/www.rehkitzrettung-stormarn.de\/wp-content\/uploads\/2023\/10\/1e2e4597-aaed-4c3a-a147-6e226e036ec1.jpeg 768w\" sizes=\"auto, (max-width: 225px) 100vw, 225px\" \/><\/a>\n\t\t\t<\/dt><\/dl><dl class='gallery-item'>\n\t\t\t<dt class='gallery-icon portrait'>\n\t\t\t\t<a data-fancybox=\"mesmerize-gallery-2-group\" href='https:\/\/www.rehkitzrettung-stormarn.de\/wp-content\/uploads\/2023\/10\/206f68b8-5b89-4ded-95fb-d374986681c5.jpeg'><img loading=\"lazy\" decoding=\"async\"  width=\"225\" height=\"300\" src=\"https:\/\/www.rehkitzrettung-stormarn.de\/wp-content\/uploads\/2023\/10\/206f68b8-5b89-4ded-95fb-d374986681c5-225x300.jpeg\"  class='mesmerize-gallery-2-image' alt=\"\" srcset=\"https:\/\/www.rehkitzrettung-stormarn.de\/wp-content\/uploads\/2023\/10\/206f68b8-5b89-4ded-95fb-d374986681c5-225x300.jpeg 225w, https:\/\/www.rehkitzrettung-stormarn.de\/wp-content\/uploads\/2023\/10\/206f68b8-5b89-4ded-95fb-d374986681c5-768x1024.jpeg 768w, https:\/\/www.rehkitzrettung-stormarn.de\/wp-content\/uploads\/2023\/10\/206f68b8-5b89-4ded-95fb-d374986681c5-1152x1536.jpeg 1152w, https:\/\/www.rehkitzrettung-stormarn.de\/wp-content\/uploads\/2023\/10\/206f68b8-5b89-4ded-95fb-d374986681c5-1024x1365.jpeg 1024w, https:\/\/www.rehkitzrettung-stormarn.de\/wp-content\/uploads\/2023\/10\/206f68b8-5b89-4ded-95fb-d374986681c5-810x1080.jpeg 810w, https:\/\/www.rehkitzrettung-stormarn.de\/wp-content\/uploads\/2023\/10\/206f68b8-5b89-4ded-95fb-d374986681c5.jpeg 1536w\" sizes=\"auto, (max-width: 225px) 100vw, 225px\" \/><\/a>\n\t\t\t<\/dt><\/dl><dl class='gallery-item'>\n\t\t\t<dt class='gallery-icon portrait'>\n\t\t\t\t<a data-fancybox=\"mesmerize-gallery-2-group\" href='https:\/\/www.rehkitzrettung-stormarn.de\/wp-content\/uploads\/2023\/10\/IMG_7480-scaled.jpeg'><img loading=\"lazy\" decoding=\"async\"  width=\"225\" height=\"300\" src=\"https:\/\/www.rehkitzrettung-stormarn.de\/wp-content\/uploads\/2023\/10\/IMG_7480-225x300.jpeg\"  class='mesmerize-gallery-2-image' alt=\"\" srcset=\"https:\/\/www.rehkitzrettung-stormarn.de\/wp-content\/uploads\/2023\/10\/IMG_7480-225x300.jpeg 225w, https:\/\/www.rehkitzrettung-stormarn.de\/wp-content\/uploads\/2023\/10\/IMG_7480-768x1024.jpeg 768w, https:\/\/www.rehkitzrettung-stormarn.de\/wp-content\/uploads\/2023\/10\/IMG_7480-1152x1536.jpeg 1152w, https:\/\/www.rehkitzrettung-stormarn.de\/wp-content\/uploads\/2023\/10\/IMG_7480-1536x2048.jpeg 1536w, https:\/\/www.rehkitzrettung-stormarn.de\/wp-content\/uploads\/2023\/10\/IMG_7480-1024x1365.jpeg 1024w, https:\/\/www.rehkitzrettung-stormarn.de\/wp-content\/uploads\/2023\/10\/IMG_7480-810x1080.jpeg 810w, https:\/\/www.rehkitzrettung-stormarn.de\/wp-content\/uploads\/2023\/10\/IMG_7480-scaled.jpeg 1920w\" sizes=\"auto, (max-width: 225px) 100vw, 225px\" \/><\/a>\n\t\t\t<\/dt><\/dl><dl class='gallery-item'>\n\t\t\t<dt class='gallery-icon portrait'>\n\t\t\t\t<a data-fancybox=\"mesmerize-gallery-2-group\" href='https:\/\/www.rehkitzrettung-stormarn.de\/wp-content\/uploads\/2023\/10\/IMG_6788-scaled.jpeg'><img loading=\"lazy\" decoding=\"async\"  width=\"225\" height=\"300\" src=\"https:\/\/www.rehkitzrettung-stormarn.de\/wp-content\/uploads\/2023\/10\/IMG_6788-225x300.jpeg\"  class='mesmerize-gallery-2-image' alt=\"\" srcset=\"https:\/\/www.rehkitzrettung-stormarn.de\/wp-content\/uploads\/2023\/10\/IMG_6788-225x300.jpeg 225w, https:\/\/www.rehkitzrettung-stormarn.de\/wp-content\/uploads\/2023\/10\/IMG_6788-768x1024.jpeg 768w, https:\/\/www.rehkitzrettung-stormarn.de\/wp-content\/uploads\/2023\/10\/IMG_6788-1152x1536.jpeg 1152w, https:\/\/www.rehkitzrettung-stormarn.de\/wp-content\/uploads\/2023\/10\/IMG_6788-1536x2048.jpeg 1536w, https:\/\/www.rehkitzrettung-stormarn.de\/wp-content\/uploads\/2023\/10\/IMG_6788-1024x1365.jpeg 1024w, https:\/\/www.rehkitzrettung-stormarn.de\/wp-content\/uploads\/2023\/10\/IMG_6788-810x1080.jpeg 810w, https:\/\/www.rehkitzrettung-stormarn.de\/wp-content\/uploads\/2023\/10\/IMG_6788-scaled.jpeg 1920w\" sizes=\"auto, (max-width: 225px) 100vw, 225px\" \/><\/a>\n\t\t\t<\/dt><\/dl><dl class='gallery-item'>\n\t\t\t<dt class='gallery-icon portrait'>\n\t\t\t\t<a data-fancybox=\"mesmerize-gallery-2-group\" href='https:\/\/www.rehkitzrettung-stormarn.de\/wp-content\/uploads\/2023\/10\/99370d17-04e7-4c82-aac0-013182687b04.jpeg'><img loading=\"lazy\" decoding=\"async\"  width=\"225\" height=\"300\" src=\"https:\/\/www.rehkitzrettung-stormarn.de\/wp-content\/uploads\/2023\/10\/99370d17-04e7-4c82-aac0-013182687b04-225x300.jpeg\"  class='mesmerize-gallery-2-image' alt=\"\" srcset=\"https:\/\/www.rehkitzrettung-stormarn.de\/wp-content\/uploads\/2023\/10\/99370d17-04e7-4c82-aac0-013182687b04-225x300.jpeg 225w, https:\/\/www.rehkitzrettung-stormarn.de\/wp-content\/uploads\/2023\/10\/99370d17-04e7-4c82-aac0-013182687b04-768x1024.jpeg 768w, https:\/\/www.rehkitzrettung-stormarn.de\/wp-content\/uploads\/2023\/10\/99370d17-04e7-4c82-aac0-013182687b04-1152x1536.jpeg 1152w, https:\/\/www.rehkitzrettung-stormarn.de\/wp-content\/uploads\/2023\/10\/99370d17-04e7-4c82-aac0-013182687b04-1024x1365.jpeg 1024w, https:\/\/www.rehkitzrettung-stormarn.de\/wp-content\/uploads\/2023\/10\/99370d17-04e7-4c82-aac0-013182687b04-810x1080.jpeg 810w, https:\/\/www.rehkitzrettung-stormarn.de\/wp-content\/uploads\/2023\/10\/99370d17-04e7-4c82-aac0-013182687b04.jpeg 1536w\" sizes=\"auto, (max-width: 225px) 100vw, 225px\" \/><\/a>\n\t\t\t<\/dt><\/dl><dl class='gallery-item'>\n\t\t\t<dt class='gallery-icon portrait'>\n\t\t\t\t<a data-fancybox=\"mesmerize-gallery-2-group\" href='https:\/\/www.rehkitzrettung-stormarn.de\/wp-content\/uploads\/2023\/10\/IMG_6457-scaled.jpeg'><img loading=\"lazy\" decoding=\"async\"  width=\"225\" height=\"300\" src=\"https:\/\/www.rehkitzrettung-stormarn.de\/wp-content\/uploads\/2023\/10\/IMG_6457-225x300.jpeg\"  class='mesmerize-gallery-2-image' alt=\"\" srcset=\"https:\/\/www.rehkitzrettung-stormarn.de\/wp-content\/uploads\/2023\/10\/IMG_6457-225x300.jpeg 225w, https:\/\/www.rehkitzrettung-stormarn.de\/wp-content\/uploads\/2023\/10\/IMG_6457-768x1024.jpeg 768w, https:\/\/www.rehkitzrettung-stormarn.de\/wp-content\/uploads\/2023\/10\/IMG_6457-1152x1536.jpeg 1152w, https:\/\/www.rehkitzrettung-stormarn.de\/wp-content\/uploads\/2023\/10\/IMG_6457-1536x2048.jpeg 1536w, https:\/\/www.rehkitzrettung-stormarn.de\/wp-content\/uploads\/2023\/10\/IMG_6457-1024x1365.jpeg 1024w, https:\/\/www.rehkitzrettung-stormarn.de\/wp-content\/uploads\/2023\/10\/IMG_6457-810x1080.jpeg 810w, https:\/\/www.rehkitzrettung-stormarn.de\/wp-content\/uploads\/2023\/10\/IMG_6457-scaled.jpeg 1920w\" sizes=\"auto, (max-width: 225px) 100vw, 225px\" \/><\/a>\n\t\t\t<\/dt><\/dl><dl class='gallery-item'>\n\t\t\t<dt class='gallery-icon portrait'>\n\t\t\t\t<a data-fancybox=\"mesmerize-gallery-2-group\" href='https:\/\/www.rehkitzrettung-stormarn.de\/wp-content\/uploads\/2023\/10\/IMG_6422-scaled.jpeg'><img loading=\"lazy\" decoding=\"async\"  width=\"225\" height=\"300\" src=\"https:\/\/www.rehkitzrettung-stormarn.de\/wp-content\/uploads\/2023\/10\/IMG_6422-225x300.jpeg\"  class='mesmerize-gallery-2-image' alt=\"\" srcset=\"https:\/\/www.rehkitzrettung-stormarn.de\/wp-content\/uploads\/2023\/10\/IMG_6422-225x300.jpeg 225w, https:\/\/www.rehkitzrettung-stormarn.de\/wp-content\/uploads\/2023\/10\/IMG_6422-768x1024.jpeg 768w, https:\/\/www.rehkitzrettung-stormarn.de\/wp-content\/uploads\/2023\/10\/IMG_6422-1152x1536.jpeg 1152w, https:\/\/www.rehkitzrettung-stormarn.de\/wp-content\/uploads\/2023\/10\/IMG_6422-1536x2048.jpeg 1536w, https:\/\/www.rehkitzrettung-stormarn.de\/wp-content\/uploads\/2023\/10\/IMG_6422-1024x1365.jpeg 1024w, https:\/\/www.rehkitzrettung-stormarn.de\/wp-content\/uploads\/2023\/10\/IMG_6422-810x1080.jpeg 810w, https:\/\/www.rehkitzrettung-stormarn.de\/wp-content\/uploads\/2023\/10\/IMG_6422-scaled.jpeg 1920w\" sizes=\"auto, (max-width: 225px) 100vw, 225px\" \/><\/a>\n\t\t\t<\/dt><\/dl><dl class='gallery-item'>\n\t\t\t<dt class='gallery-icon portrait'>\n\t\t\t\t<a data-fancybox=\"mesmerize-gallery-2-group\" href='https:\/\/www.rehkitzrettung-stormarn.de\/wp-content\/uploads\/2023\/10\/IMG_6424-scaled.jpeg'><img loading=\"lazy\" decoding=\"async\"  width=\"225\" height=\"300\" src=\"https:\/\/www.rehkitzrettung-stormarn.de\/wp-content\/uploads\/2023\/10\/IMG_6424-225x300.jpeg\"  class='mesmerize-gallery-2-image' alt=\"\" srcset=\"https:\/\/www.rehkitzrettung-stormarn.de\/wp-content\/uploads\/2023\/10\/IMG_6424-225x300.jpeg 225w, https:\/\/www.rehkitzrettung-stormarn.de\/wp-content\/uploads\/2023\/10\/IMG_6424-768x1024.jpeg 768w, https:\/\/www.rehkitzrettung-stormarn.de\/wp-content\/uploads\/2023\/10\/IMG_6424-1152x1536.jpeg 1152w, https:\/\/www.rehkitzrettung-stormarn.de\/wp-content\/uploads\/2023\/10\/IMG_6424-1536x2048.jpeg 1536w, https:\/\/www.rehkitzrettung-stormarn.de\/wp-content\/uploads\/2023\/10\/IMG_6424-1024x1365.jpeg 1024w, https:\/\/www.rehkitzrettung-stormarn.de\/wp-content\/uploads\/2023\/10\/IMG_6424-810x1080.jpeg 810w, https:\/\/www.rehkitzrettung-stormarn.de\/wp-content\/uploads\/2023\/10\/IMG_6424-scaled.jpeg 1920w\" sizes=\"auto, (max-width: 225px) 100vw, 225px\" \/><\/a>\n\t\t\t<\/dt><\/dl>\n\t\t<\/div>\n<script>(function($){window.MaterialisCaptionsGallery && window.MaterialisCaptionsGallery($('[data-unique-id=\"mesmerize-gallery-2-6a07122b8f7df\"]'))})(jQuery)<\/script><\/div><\/div><\/div> <\/div><\/div>","protected":false},"excerpt":{"rendered":"<p>Mit herk\u00f6mmlichen Methoden sind sie schwer zu finden. Eine Drohne \u2013 ausgestattet mit einer W\u00e4rmebildkamera- macht die Tiere in den Stunden ohne Sonneneinstrahlung sichtbar. Genau dann hebt sich ihre K\u00f6rpertemperatur deutlich von der Umgebung ab. Ist die Drohne zus\u00e4tzlich mit einer normalen Kamera ausgestattet, kann man die Suche sogar noch im Laufe des Vormittags fortsetzen.&nbsp;&hellip; <br \/> <a class=\"read-more\" href=\"https:\/\/www.rehkitzrettung-stormarn.de\/index.php\/unsere-methode\/\">Read more<\/a><\/p>\n","protected":false},"author":2,"featured_media":0,"parent":0,"menu_order":0,"comment_status":"closed","ping_status":"closed","template":"pro\/page-templates\/full-width-page.php","meta":{"footnotes":""},"class_list":["post-465","page","type-page","status-publish","hentry"],"_links":{"self":[{"href":"https:\/\/www.rehkitzrettung-stormarn.de\/index.php\/wp-json\/wp\/v2\/pages\/465","targetHints":{"allow":["GET"]}}],"collection":[{"href":"https:\/\/www.rehkitzrettung-stormarn.de\/index.php\/wp-json\/wp\/v2\/pages"}],"about":[{"href":"https:\/\/www.rehkitzrettung-stormarn.de\/index.php\/wp-json\/wp\/v2\/types\/page"}],"author":[{"embeddable":true,"href":"https:\/\/www.rehkitzrettung-stormarn.de\/index.php\/wp-json\/wp\/v2\/users\/2"}],"replies":[{"embeddable":true,"href":"https:\/\/www.rehkitzrettung-stormarn.de\/index.php\/wp-json\/wp\/v2\/comments?post=465"}],"version-history":[{"count":6,"href":"https:\/\/www.rehkitzrettung-stormarn.de\/index.php\/wp-json\/wp\/v2\/pages\/465\/revisions"}],"predecessor-version":[{"id":666,"href":"https:\/\/www.rehkitzrettung-stormarn.de\/index.php\/wp-json\/wp\/v2\/pages\/465\/revisions\/666"}],"wp:attachment":[{"href":"https:\/\/www.rehkitzrettung-stormarn.de\/index.php\/wp-json\/wp\/v2\/media?parent=465"}],"curies":[{"name":"wp","href":"https:\/\/api.w.org\/{rel}","templated":true}]}}