{"id":72,"date":"2021-01-27T23:42:18","date_gmt":"2021-01-27T23:42:18","guid":{"rendered":"https:\/\/www.rehkitzrettung-stormarn.de\/index.php\/mesmerize-pro\/"},"modified":"2023-10-09T16:16:53","modified_gmt":"2023-10-09T16:16:53","slug":"mesmerize-pro","status":"publish","type":"page","link":"https:\/\/www.rehkitzrettung-stormarn.de\/","title":{"rendered":"Startseite"},"content":{"rendered":"<div  data-label=\"About\" data-id=\"about--1\" data-export-id=\"about-10\" data-category=\"about\" class=\"about-10 content-section content-section-spacing dark-text\" id=\"about-1\" style=\"background-color: rgb(255, 255, 255); background-image: none;\">\n<div  class=\"gridContainer\">\n<div  data-section-title-area=\"true\" class=\"row text-center\">\n<div  class=\"section-title-col\" data-type=\"column\"><\/div>\n<\/div>\n<div  class=\"row middle-sm text-center\">\n<div  class=\"col-sm-5 space-bottom-xs content-column content-center-sm\" data-type=\"column\">\n<h2  class=\"\" style=\"cursor: text;\"><span  style=\"font-family: arial, helvetica, sans-serif;\">Bei uns bist du richtig!<\/span><span  id=\"_mce_caret\" data-mce-bogus=\"1\" data-mce-type=\"format-caret\"><span  style=\"font-family: arial, helvetica, sans-serif;\">\ufeff<\/span><\/span><\/h2>\n<p  class=\"\" style=\"cursor: text;\"><span  style=\"font-family: arial, helvetica, sans-serif;\">Denn wir brauchen deine Unterst\u00fctzung bei der drohnengest\u00fctzten Rettung von Rehkitzen w\u00e4hrend der Mahd. Hier erf\u00e4hrst du, warum die Rehkitzsuche per Drohne so effektiv ist und wie auch du dabei helfen kannst.\n\nDu hast wenig Zeit, m\u00f6chtest aber dazu beitragen, dass m\u00f6glichst viele Rehkitze in den Wiesen gefunden werden. Dann unterst\u00fctze uns mit deiner Spende!<\/span><\/p>\n\n\n<\/div>\n<div  class=\"col-sm-7 flexbox middle-xs center-xs space-bottom-xs\">\n<div  class=\"overlay-box middle-xs center-xs flexbox\">\n<div  class=\"overlay-box-offset shadow-medium border-color1 offset-border\"><\/div>\n<img  decoding=\"async\" class=\"shadow-large\" data-size=\"485x705\" src=\"https:\/\/www.rehkitzrettung-stormarn.de\/wp-content\/uploads\/2021\/01\/Rehkitzrettung_Logo_03.png\" style=\"cursor: text;\" title=\"Rehkitzrettung_Logo_03\" alt=\"\"><\/div>\n<\/div>\n<\/div>\n<\/div>\n<\/div><div  data-label=\"Gallery\" data-id=\"gallery--1\" data-export-id=\"gallery-2\" data-category=\"gallery\" class=\"gallery-2 content-section content-section-spacing\" id=\"gallery-1\" style=\"background-color: rgb(255, 255, 255);\">\n<div  class=\"\">\n<div  class=\"row\">\n<div  class=\"col-xs-12 full-no-padding\" data-editable=\"true\" data-content-shortcode=\"mesmerize_gallery id=&quot;mesmerize-gallery-2&quot; columns=&quot;5&quot; ids=&quot;575,566,608,592,524,613,601,593,596,582&quot; lb=&quot;1&quot; masonry=&quot;0&quot; size=&quot;medium&quot; link=&quot;file&quot; \"><div id='mesmerize-gallery-2' class='gallery-wrapper'><style type=\"text\/css\">\n                    @media only screen and (min-width: 768px) {\n                    [data-unique-id='mesmerize-gallery-2-69f9d5e8597b6'] dl {\n                        float: left;\n                        width: 20% !important;\n                        max-width:  20% !important;\n                        min-width:  20% !important;\n                    }\n\n                    [data-unique-id='mesmerize-gallery-2-69f9d5e8597b6'] dl:nth-of-type(5n +1 ) {\n                      clear: both;\n                      }\n                    }\n                <\/style><div id='mesmerize-gallery-2' class='mesmerize-gallery-2-dls-wrapper gallery-items-wrapper materialis-gallery' data-unique-id='mesmerize-gallery-2-69f9d5e8597b6'><dl class='gallery-item'>\n\t\t\t<dt class='gallery-icon portrait'>\n\t\t\t\t<a data-fancybox=\"mesmerize-gallery-2-group\" href='https:\/\/www.rehkitzrettung-stormarn.de\/wp-content\/uploads\/2023\/10\/1084d02f-e5cb-4c7b-b6e9-3fe8491ff113.jpeg'><img loading=\"lazy\" decoding=\"async\"  width=\"225\" height=\"300\" src=\"https:\/\/www.rehkitzrettung-stormarn.de\/wp-content\/uploads\/2023\/10\/1084d02f-e5cb-4c7b-b6e9-3fe8491ff113-225x300.jpeg\"  class='mesmerize-gallery-2-image' alt=\"\" srcset=\"https:\/\/www.rehkitzrettung-stormarn.de\/wp-content\/uploads\/2023\/10\/1084d02f-e5cb-4c7b-b6e9-3fe8491ff113-225x300.jpeg 225w, https:\/\/www.rehkitzrettung-stormarn.de\/wp-content\/uploads\/2023\/10\/1084d02f-e5cb-4c7b-b6e9-3fe8491ff113-768x1024.jpeg 768w, https:\/\/www.rehkitzrettung-stormarn.de\/wp-content\/uploads\/2023\/10\/1084d02f-e5cb-4c7b-b6e9-3fe8491ff113-1152x1536.jpeg 1152w, https:\/\/www.rehkitzrettung-stormarn.de\/wp-content\/uploads\/2023\/10\/1084d02f-e5cb-4c7b-b6e9-3fe8491ff113-1024x1365.jpeg 1024w, https:\/\/www.rehkitzrettung-stormarn.de\/wp-content\/uploads\/2023\/10\/1084d02f-e5cb-4c7b-b6e9-3fe8491ff113-810x1080.jpeg 810w, https:\/\/www.rehkitzrettung-stormarn.de\/wp-content\/uploads\/2023\/10\/1084d02f-e5cb-4c7b-b6e9-3fe8491ff113.jpeg 1200w\" sizes=\"auto, (max-width: 225px) 100vw, 225px\" \/><\/a>\n\t\t\t<\/dt><\/dl><dl class='gallery-item'>\n\t\t\t<dt class='gallery-icon portrait'>\n\t\t\t\t<a data-fancybox=\"mesmerize-gallery-2-group\" href='https:\/\/www.rehkitzrettung-stormarn.de\/wp-content\/uploads\/2023\/10\/IMG_7353-scaled.jpeg'><img loading=\"lazy\" decoding=\"async\"  width=\"225\" height=\"300\" src=\"https:\/\/www.rehkitzrettung-stormarn.de\/wp-content\/uploads\/2023\/10\/IMG_7353-225x300.jpeg\"  class='mesmerize-gallery-2-image' alt=\"\" srcset=\"https:\/\/www.rehkitzrettung-stormarn.de\/wp-content\/uploads\/2023\/10\/IMG_7353-225x300.jpeg 225w, https:\/\/www.rehkitzrettung-stormarn.de\/wp-content\/uploads\/2023\/10\/IMG_7353-768x1024.jpeg 768w, https:\/\/www.rehkitzrettung-stormarn.de\/wp-content\/uploads\/2023\/10\/IMG_7353-1152x1536.jpeg 1152w, https:\/\/www.rehkitzrettung-stormarn.de\/wp-content\/uploads\/2023\/10\/IMG_7353-1536x2048.jpeg 1536w, https:\/\/www.rehkitzrettung-stormarn.de\/wp-content\/uploads\/2023\/10\/IMG_7353-1024x1365.jpeg 1024w, https:\/\/www.rehkitzrettung-stormarn.de\/wp-content\/uploads\/2023\/10\/IMG_7353-810x1080.jpeg 810w, https:\/\/www.rehkitzrettung-stormarn.de\/wp-content\/uploads\/2023\/10\/IMG_7353-scaled.jpeg 1920w\" sizes=\"auto, (max-width: 225px) 100vw, 225px\" \/><\/a>\n\t\t\t<\/dt><\/dl><dl class='gallery-item'>\n\t\t\t<dt class='gallery-icon portrait'>\n\t\t\t\t<a data-fancybox=\"mesmerize-gallery-2-group\" href='https:\/\/www.rehkitzrettung-stormarn.de\/wp-content\/uploads\/2023\/10\/IMG_6460-scaled.jpeg'><img loading=\"lazy\" decoding=\"async\"  width=\"225\" height=\"300\" src=\"https:\/\/www.rehkitzrettung-stormarn.de\/wp-content\/uploads\/2023\/10\/IMG_6460-225x300.jpeg\"  class='mesmerize-gallery-2-image' alt=\"\" srcset=\"https:\/\/www.rehkitzrettung-stormarn.de\/wp-content\/uploads\/2023\/10\/IMG_6460-225x300.jpeg 225w, https:\/\/www.rehkitzrettung-stormarn.de\/wp-content\/uploads\/2023\/10\/IMG_6460-768x1024.jpeg 768w, https:\/\/www.rehkitzrettung-stormarn.de\/wp-content\/uploads\/2023\/10\/IMG_6460-1152x1536.jpeg 1152w, https:\/\/www.rehkitzrettung-stormarn.de\/wp-content\/uploads\/2023\/10\/IMG_6460-1536x2048.jpeg 1536w, https:\/\/www.rehkitzrettung-stormarn.de\/wp-content\/uploads\/2023\/10\/IMG_6460-1024x1365.jpeg 1024w, https:\/\/www.rehkitzrettung-stormarn.de\/wp-content\/uploads\/2023\/10\/IMG_6460-810x1080.jpeg 810w, https:\/\/www.rehkitzrettung-stormarn.de\/wp-content\/uploads\/2023\/10\/IMG_6460-scaled.jpeg 1920w\" sizes=\"auto, (max-width: 225px) 100vw, 225px\" \/><\/a>\n\t\t\t<\/dt><\/dl><dl class='gallery-item'>\n\t\t\t<dt class='gallery-icon portrait'>\n\t\t\t\t<a data-fancybox=\"mesmerize-gallery-2-group\" href='https:\/\/www.rehkitzrettung-stormarn.de\/wp-content\/uploads\/2023\/10\/de51ec4e-c12d-4aa7-a258-2223f98fa434.jpeg'><img loading=\"lazy\" decoding=\"async\"  width=\"225\" height=\"300\" src=\"https:\/\/www.rehkitzrettung-stormarn.de\/wp-content\/uploads\/2023\/10\/de51ec4e-c12d-4aa7-a258-2223f98fa434-225x300.jpeg\"  class='mesmerize-gallery-2-image' alt=\"\" srcset=\"https:\/\/www.rehkitzrettung-stormarn.de\/wp-content\/uploads\/2023\/10\/de51ec4e-c12d-4aa7-a258-2223f98fa434-225x300.jpeg 225w, https:\/\/www.rehkitzrettung-stormarn.de\/wp-content\/uploads\/2023\/10\/de51ec4e-c12d-4aa7-a258-2223f98fa434.jpeg 768w\" sizes=\"auto, (max-width: 225px) 100vw, 225px\" \/><\/a>\n\t\t\t<\/dt><\/dl><dl class='gallery-item'>\n\t\t\t<dt class='gallery-icon portrait'>\n\t\t\t\t<a data-fancybox=\"mesmerize-gallery-2-group\" href='https:\/\/www.rehkitzrettung-stormarn.de\/wp-content\/uploads\/2023\/10\/IMG_8822-scaled.jpeg'><img loading=\"lazy\" decoding=\"async\"  width=\"225\" height=\"300\" src=\"https:\/\/www.rehkitzrettung-stormarn.de\/wp-content\/uploads\/2023\/10\/IMG_8822-225x300.jpeg\"  class='mesmerize-gallery-2-image' alt=\"\" srcset=\"https:\/\/www.rehkitzrettung-stormarn.de\/wp-content\/uploads\/2023\/10\/IMG_8822-225x300.jpeg 225w, https:\/\/www.rehkitzrettung-stormarn.de\/wp-content\/uploads\/2023\/10\/IMG_8822-768x1024.jpeg 768w, https:\/\/www.rehkitzrettung-stormarn.de\/wp-content\/uploads\/2023\/10\/IMG_8822-1152x1536.jpeg 1152w, https:\/\/www.rehkitzrettung-stormarn.de\/wp-content\/uploads\/2023\/10\/IMG_8822-1536x2048.jpeg 1536w, https:\/\/www.rehkitzrettung-stormarn.de\/wp-content\/uploads\/2023\/10\/IMG_8822-1024x1365.jpeg 1024w, https:\/\/www.rehkitzrettung-stormarn.de\/wp-content\/uploads\/2023\/10\/IMG_8822-810x1080.jpeg 810w, https:\/\/www.rehkitzrettung-stormarn.de\/wp-content\/uploads\/2023\/10\/IMG_8822-scaled.jpeg 1920w\" sizes=\"auto, (max-width: 225px) 100vw, 225px\" \/><\/a>\n\t\t\t<\/dt><\/dl><dl class='gallery-item'>\n\t\t\t<dt class='gallery-icon portrait'>\n\t\t\t\t<a data-fancybox=\"mesmerize-gallery-2-group\" href='https:\/\/www.rehkitzrettung-stormarn.de\/wp-content\/uploads\/2023\/10\/IMG_6439-scaled.jpeg'><img loading=\"lazy\" decoding=\"async\"  width=\"225\" height=\"300\" src=\"https:\/\/www.rehkitzrettung-stormarn.de\/wp-content\/uploads\/2023\/10\/IMG_6439-225x300.jpeg\"  class='mesmerize-gallery-2-image' alt=\"\" srcset=\"https:\/\/www.rehkitzrettung-stormarn.de\/wp-content\/uploads\/2023\/10\/IMG_6439-225x300.jpeg 225w, https:\/\/www.rehkitzrettung-stormarn.de\/wp-content\/uploads\/2023\/10\/IMG_6439-768x1024.jpeg 768w, https:\/\/www.rehkitzrettung-stormarn.de\/wp-content\/uploads\/2023\/10\/IMG_6439-1152x1536.jpeg 1152w, https:\/\/www.rehkitzrettung-stormarn.de\/wp-content\/uploads\/2023\/10\/IMG_6439-1536x2048.jpeg 1536w, https:\/\/www.rehkitzrettung-stormarn.de\/wp-content\/uploads\/2023\/10\/IMG_6439-1024x1365.jpeg 1024w, https:\/\/www.rehkitzrettung-stormarn.de\/wp-content\/uploads\/2023\/10\/IMG_6439-810x1080.jpeg 810w, https:\/\/www.rehkitzrettung-stormarn.de\/wp-content\/uploads\/2023\/10\/IMG_6439-scaled.jpeg 1920w\" sizes=\"auto, (max-width: 225px) 100vw, 225px\" \/><\/a>\n\t\t\t<\/dt><\/dl><dl class='gallery-item'>\n\t\t\t<dt class='gallery-icon portrait'>\n\t\t\t\t<a data-fancybox=\"mesmerize-gallery-2-group\" href='https:\/\/www.rehkitzrettung-stormarn.de\/wp-content\/uploads\/2023\/10\/IMG_6648-scaled.jpeg'><img loading=\"lazy\" decoding=\"async\"  width=\"225\" height=\"300\" src=\"https:\/\/www.rehkitzrettung-stormarn.de\/wp-content\/uploads\/2023\/10\/IMG_6648-225x300.jpeg\"  class='mesmerize-gallery-2-image' alt=\"\" srcset=\"https:\/\/www.rehkitzrettung-stormarn.de\/wp-content\/uploads\/2023\/10\/IMG_6648-225x300.jpeg 225w, https:\/\/www.rehkitzrettung-stormarn.de\/wp-content\/uploads\/2023\/10\/IMG_6648-768x1024.jpeg 768w, https:\/\/www.rehkitzrettung-stormarn.de\/wp-content\/uploads\/2023\/10\/IMG_6648-1152x1536.jpeg 1152w, https:\/\/www.rehkitzrettung-stormarn.de\/wp-content\/uploads\/2023\/10\/IMG_6648-1536x2048.jpeg 1536w, https:\/\/www.rehkitzrettung-stormarn.de\/wp-content\/uploads\/2023\/10\/IMG_6648-1024x1365.jpeg 1024w, https:\/\/www.rehkitzrettung-stormarn.de\/wp-content\/uploads\/2023\/10\/IMG_6648-810x1080.jpeg 810w, https:\/\/www.rehkitzrettung-stormarn.de\/wp-content\/uploads\/2023\/10\/IMG_6648-scaled.jpeg 1920w\" sizes=\"auto, (max-width: 225px) 100vw, 225px\" \/><\/a>\n\t\t\t<\/dt><\/dl><dl class='gallery-item'>\n\t\t\t<dt class='gallery-icon portrait'>\n\t\t\t\t<a data-fancybox=\"mesmerize-gallery-2-group\" href='https:\/\/www.rehkitzrettung-stormarn.de\/wp-content\/uploads\/2023\/10\/9689aafd-c2c0-475f-bb13-c49f989709db.jpeg'><img loading=\"lazy\" decoding=\"async\"  width=\"225\" height=\"300\" src=\"https:\/\/www.rehkitzrettung-stormarn.de\/wp-content\/uploads\/2023\/10\/9689aafd-c2c0-475f-bb13-c49f989709db-225x300.jpeg\"  class='mesmerize-gallery-2-image' alt=\"\" srcset=\"https:\/\/www.rehkitzrettung-stormarn.de\/wp-content\/uploads\/2023\/10\/9689aafd-c2c0-475f-bb13-c49f989709db-225x300.jpeg 225w, https:\/\/www.rehkitzrettung-stormarn.de\/wp-content\/uploads\/2023\/10\/9689aafd-c2c0-475f-bb13-c49f989709db.jpeg 768w\" sizes=\"auto, (max-width: 225px) 100vw, 225px\" \/><\/a>\n\t\t\t<\/dt><\/dl><dl class='gallery-item'>\n\t\t\t<dt class='gallery-icon portrait'>\n\t\t\t\t<a data-fancybox=\"mesmerize-gallery-2-group\" href='https:\/\/www.rehkitzrettung-stormarn.de\/wp-content\/uploads\/2023\/10\/70986d97-8ca1-4ba9-9691-e0299b3da935.jpeg'><img loading=\"lazy\" decoding=\"async\"  width=\"225\" height=\"300\" src=\"https:\/\/www.rehkitzrettung-stormarn.de\/wp-content\/uploads\/2023\/10\/70986d97-8ca1-4ba9-9691-e0299b3da935-225x300.jpeg\"  class='mesmerize-gallery-2-image' alt=\"\" srcset=\"https:\/\/www.rehkitzrettung-stormarn.de\/wp-content\/uploads\/2023\/10\/70986d97-8ca1-4ba9-9691-e0299b3da935-225x300.jpeg 225w, https:\/\/www.rehkitzrettung-stormarn.de\/wp-content\/uploads\/2023\/10\/70986d97-8ca1-4ba9-9691-e0299b3da935-768x1024.jpeg 768w, https:\/\/www.rehkitzrettung-stormarn.de\/wp-content\/uploads\/2023\/10\/70986d97-8ca1-4ba9-9691-e0299b3da935-1152x1536.jpeg 1152w, https:\/\/www.rehkitzrettung-stormarn.de\/wp-content\/uploads\/2023\/10\/70986d97-8ca1-4ba9-9691-e0299b3da935-1024x1365.jpeg 1024w, https:\/\/www.rehkitzrettung-stormarn.de\/wp-content\/uploads\/2023\/10\/70986d97-8ca1-4ba9-9691-e0299b3da935-810x1080.jpeg 810w, https:\/\/www.rehkitzrettung-stormarn.de\/wp-content\/uploads\/2023\/10\/70986d97-8ca1-4ba9-9691-e0299b3da935.jpeg 1200w\" sizes=\"auto, (max-width: 225px) 100vw, 225px\" \/><\/a>\n\t\t\t<\/dt><\/dl><dl class='gallery-item'>\n\t\t\t<dt class='gallery-icon portrait'>\n\t\t\t\t<a data-fancybox=\"mesmerize-gallery-2-group\" href='https:\/\/www.rehkitzrettung-stormarn.de\/wp-content\/uploads\/2023\/10\/074cec04-37ed-45fa-aab6-45212a4e96c7.jpeg'><img loading=\"lazy\" decoding=\"async\"  width=\"225\" height=\"300\" src=\"https:\/\/www.rehkitzrettung-stormarn.de\/wp-content\/uploads\/2023\/10\/074cec04-37ed-45fa-aab6-45212a4e96c7-225x300.jpeg\"  class='mesmerize-gallery-2-image' alt=\"\" srcset=\"https:\/\/www.rehkitzrettung-stormarn.de\/wp-content\/uploads\/2023\/10\/074cec04-37ed-45fa-aab6-45212a4e96c7-225x300.jpeg 225w, https:\/\/www.rehkitzrettung-stormarn.de\/wp-content\/uploads\/2023\/10\/074cec04-37ed-45fa-aab6-45212a4e96c7.jpeg 768w\" sizes=\"auto, (max-width: 225px) 100vw, 225px\" \/><\/a>\n\t\t\t<\/dt><\/dl>\n\t\t<\/div>\n<script>(function($){window.MaterialisCaptionsGallery && window.MaterialisCaptionsGallery($('[data-unique-id=\"mesmerize-gallery-2-69f9d5e8597b6\"]'))})(jQuery)<\/script><\/div><\/div>\n<\/div>\n<\/div>\n<\/div><div  data-label=\"Contact\" data-id=\"contact--1\" data-export-id=\"contact-5\" data-category=\"contact\" class=\"contact-5 content-section content-section-spacing dark-text content-relative\" id=\"contact-1\" style=\"background-color: rgb(245, 253, 250); background-image: none;\">\n<div  class=\"gridContainer\">\n<div  class=\"row text-center\">\n<div  class=\"section-title-col\" data-type=\"column\">\n<h2  class=\"\" style=\"cursor: text;\"><span  style=\"font-family: arial, helvetica, sans-serif;\">Du hast Fragen oder m\u00f6chtest uns unterst\u00fctzen? Hier findest du unsere Kontaktdaten!<\/span><span  id=\"_mce_caret\" data-mce-bogus=\"1\" data-mce-type=\"format-caret\"><span  style=\"font-family: arial, helvetica, sans-serif;\"><sup >\ufeff<\/sup><\/span><\/span><\/h2>\n<\/div>\n<\/div>\n<div  class=\"row middle-sm\">\n<div  class=\"col-xs-12 col-sm-6 image-holder space-bottom-xs\"> <img  decoding=\"async\" src=\"https:\/\/www.rehkitzrettung-stormarn.de\/wp-content\/uploads\/2023\/10\/cropped-IMG_3118-scaled-1.jpeg\" title=\"IMG_3118\" alt=\"\"><\/div>\n<div  class=\"col-xs-12 col-sm-6\">\n<div  class=\"row middle-sm\">\n<div  data-type=\"column\" class=\"col-xs-12 space-bottom-small\">\n<h3  class=\"color1\" style=\"cursor: text;\"><span  style=\"color: rgb(129, 215, 66); font-family: arial, helvetica, sans-serif;\">Kontakt aufnehmen<\/span><span  id=\"_mce_caret\" data-mce-bogus=\"1\" data-mce-type=\"format-caret\"><span  style=\"color: rgb(129, 215, 66);\">\ufeff<\/span><\/span><\/h3>\n<\/div>\n<\/div>\n<div  class=\"row middle-sm\" data-type=\"row\">\n<div  class=\"col-xs-12 space-bottom-small\">\n<div  class=\"row\">\n<div  data-type=\"column\" class=\"col-xs-12 col-sm-fit label-col\">\n<h5  class=\"\"><span  style=\"font-family: arial, helvetica, sans-serif;\">Adresse:<\/span><\/h5>\n<\/div>\n<div  data-type=\"column\" class=\"col-xs-12 col-sm\">\n<p  class=\"\" style=\"cursor: text;\"><span  style=\"font-family: arial, helvetica, sans-serif;\">Rehkitzrettung-Stormarn e.V.\n\nUp\u00b4n Barg 24, 22926 Ahrensburg<\/span><\/p>\n\n<\/div>\n<\/div>\n<\/div>\n<div  class=\"col-xs-12 space-bottom-small\">\n<div  class=\"row\">\n<div  data-type=\"column\" class=\"col-xs-12 col-sm-fit label-col\">\n<h5  class=\"\"><span  style=\"font-family: arial, helvetica, sans-serif;\">Telefon:<\/span><\/h5>\n<\/div>\n<div  data-type=\"column\" class=\"col-xs-12 col-sm\">\n<p  class=\"\" style=\"cursor: text;\"><span  style=\"font-family: arial, helvetica, sans-serif;\">+49 (0) 172 7860653<\/span><\/p>\n\n<\/div>\n<\/div>\n<\/div>\n<div  class=\"col-xs-12 space-bottom-small\">\n<div  class=\"row\">\n<div  data-type=\"column\" class=\"col-xs-12 col-sm-fit label-col\">\n<h5  class=\"\"><span  style=\"font-family: arial, helvetica, sans-serif;\">Email:<\/span><\/h5>\n<\/div>\n<div  data-type=\"column\" class=\"col-xs-12 col-sm\"><a href=\"mailto:\" class=\"\" target=\"_self\" data-cp-link=\"1\" rel=\"noopener\">info@rehkitzrettung-stormarn.de<\/a><\/div>\n<\/div>\n<\/div>\n<div  class=\"col-xs-12 space-bottom-small\">\n<div  class=\"row\">\n<div  data-type=\"column\" class=\"col-xs-12 col-sm-fit label-col\">\n<h5  class=\"\"><span  style=\"font-family: arial, helvetica, sans-serif;\">Folge uns:<\/span><\/h5>\n<\/div>\n<div  data-type=\"column\" class=\"col-xs-12 col-sm\">\n<div  data-type=\"group\" class=\"\"> <a href=\"#\" target=\"_self\" data-reiki-hidden=\"true\" rel=\"noopener\"><i  class=\"fa icon fa-twitter-square color5\"><\/i><\/a> <a href=\"https:\/\/www.youtube.com\/channel\/UCE4CcRNfSBjI9b9iWNsYULw\" target=\"_blank\" rel=\"noopener\" class=\"\"><i  class=\"fa icon fa-youtube color5\"><\/i><\/a> <a href=\"https:\/\/www.instagram.com\/rehkitzrettung_stormarn?hl=es\" target=\"_self\" rel=\"noopener\" class=\"\"><i  class=\"fa icon fa-instagram color5\"><\/i><\/a> <a href=\"#\" target=\"_self\" data-reiki-hidden=\"true\" rel=\"noopener\"><i  class=\"fa icon fa-rss color1\"><\/i><\/a><\/div>\n<\/div>\n<\/div>\n<\/div>\n<\/div>\n<\/div>\n<\/div>\n<\/div>\n<\/div>","protected":false},"excerpt":{"rendered":"<p>Bei uns bist du richtig!\ufeff Denn wir brauchen deine Unterst\u00fctzung bei der drohnengest\u00fctzten Rettung von Rehkitzen w\u00e4hrend der Mahd. Hier erf\u00e4hrst du, warum die Rehkitzsuche per Drohne so effektiv ist und wie auch du dabei helfen kannst. Du hast wenig Zeit, m\u00f6chtest aber dazu beitragen, dass m\u00f6glichst viele Rehkitze in den Wiesen gefunden werden. Dann&hellip; <br \/> <a class=\"read-more\" href=\"https:\/\/www.rehkitzrettung-stormarn.de\/\">Read more<\/a><\/p>\n","protected":false},"author":2,"featured_media":0,"parent":0,"menu_order":0,"comment_status":"closed","ping_status":"closed","template":"page-templates\/homepage.php","meta":{"footnotes":""},"class_list":["post-72","page","type-page","status-publish","hentry"],"_links":{"self":[{"href":"https:\/\/www.rehkitzrettung-stormarn.de\/index.php\/wp-json\/wp\/v2\/pages\/72","targetHints":{"allow":["GET"]}}],"collection":[{"href":"https:\/\/www.rehkitzrettung-stormarn.de\/index.php\/wp-json\/wp\/v2\/pages"}],"about":[{"href":"https:\/\/www.rehkitzrettung-stormarn.de\/index.php\/wp-json\/wp\/v2\/types\/page"}],"author":[{"embeddable":true,"href":"https:\/\/www.rehkitzrettung-stormarn.de\/index.php\/wp-json\/wp\/v2\/users\/2"}],"replies":[{"embeddable":true,"href":"https:\/\/www.rehkitzrettung-stormarn.de\/index.php\/wp-json\/wp\/v2\/comments?post=72"}],"version-history":[{"count":43,"href":"https:\/\/www.rehkitzrettung-stormarn.de\/index.php\/wp-json\/wp\/v2\/pages\/72\/revisions"}],"predecessor-version":[{"id":664,"href":"https:\/\/www.rehkitzrettung-stormarn.de\/index.php\/wp-json\/wp\/v2\/pages\/72\/revisions\/664"}],"wp:attachment":[{"href":"https:\/\/www.rehkitzrettung-stormarn.de\/index.php\/wp-json\/wp\/v2\/media?parent=72"}],"curies":[{"name":"wp","href":"https:\/\/api.w.org\/{rel}","templated":true}]}}